{"id":4821,"date":"2024-02-23T16:31:24","date_gmt":"2024-02-23T15:31:24","guid":{"rendered":"https:\/\/www.between.tech\/talento\/"},"modified":"2025-06-13T13:12:38","modified_gmt":"2025-06-13T11:12:38","slug":"soc-talent","status":"publish","type":"page","link":"https:\/\/www.between.tech\/ca\/soc-talent\/","title":{"rendered":"Soc Talent"},"content":{"rendered":"\t\t<div data-elementor-type=\"wp-page\" data-elementor-id=\"4821\" class=\"elementor elementor-4821 elementor-563\" data-elementor-post-type=\"page\">\n\t\t\t\t<div class=\"elementor-element elementor-element-1d786db e-con-full e-flex e-con e-parent\" data-id=\"1d786db\" data-element_type=\"container\" data-e-type=\"container\" data-settings=\"{&quot;background_background&quot;:&quot;classic&quot;}\">\n\t\t\t\t<div class=\"elementor-element elementor-element-af476f1 elementor-widget__width-inherit elementor-absolute buscotrabajo-button elementor-widget elementor-widget-button\" data-id=\"af476f1\" data-element_type=\"widget\" data-e-type=\"widget\" data-settings=\"{&quot;_position&quot;:&quot;absolute&quot;}\" data-widget_type=\"button.default\">\n\t\t\t\t\t\t\t\t\t\t<a class=\"elementor-button elementor-button-link elementor-size-sm\" href=\"#ofertas\">\n\t\t\t\t\t\t<span class=\"elementor-button-content-wrapper\">\n\t\t\t\t\t\t\t\t\t<span class=\"elementor-button-text\">BUSCO TREBALL!<\/span>\n\t\t\t\t\t<\/span>\n\t\t\t\t\t<\/a>\n\t\t\t\t\t\t\t\t<\/div>\n\t\t<div class=\"elementor-element elementor-element-90bca9d e-con-full e-flex e-con e-child\" data-id=\"90bca9d\" data-element_type=\"container\" data-e-type=\"container\" data-settings=\"{&quot;background_background&quot;:&quot;classic&quot;}\">\n\t\t\t\t<div class=\"elementor-element elementor-element-ff35723 elementor-widget elementor-widget-heading\" data-id=\"ff35723\" data-element_type=\"widget\" data-e-type=\"widget\" data-widget_type=\"heading.default\">\n\t\t\t\t\t<div class=\"elementor-heading-title elementor-size-default\">SOC<\/div>\t\t\t\t<\/div>\n\t\t\t\t<div class=\"elementor-element elementor-element-78da6d8 elementor-hidden-mobile elementor-hidden-tablet elementor-widget elementor-widget-heading\" data-id=\"78da6d8\" data-element_type=\"widget\" data-e-type=\"widget\" data-widget_type=\"heading.default\">\n\t\t\t\t\t<div class=\"elementor-heading-title elementor-size-default\">TA<BR>LENT<BR>&nbsp;<\/div>\t\t\t\t<\/div>\n\t\t\t\t<div class=\"elementor-element elementor-element-ca60534 elementor-hidden-mobile elementor-hidden-widescreen elementor-hidden-desktop elementor-hidden-laptop elementor-widget elementor-widget-heading\" data-id=\"ca60534\" data-element_type=\"widget\" data-e-type=\"widget\" data-widget_type=\"heading.default\">\n\t\t\t\t\t<div class=\"elementor-heading-title elementor-size-default\">TALENT<\/div>\t\t\t\t<\/div>\n\t\t\t\t<div class=\"elementor-element elementor-element-41eccab elementor-hidden-widescreen elementor-hidden-desktop elementor-hidden-laptop elementor-hidden-tablet elementor-widget elementor-widget-heading\" data-id=\"41eccab\" data-element_type=\"widget\" data-e-type=\"widget\" data-widget_type=\"heading.default\">\n\t\t\t\t\t<div class=\"elementor-heading-title elementor-size-default\">TALENT<\/div>\t\t\t\t<\/div>\n\t\t\t\t<div class=\"elementor-element elementor-element-1ecc612 elementor-absolute elementor-widget__width-initial elementor-widget elementor-widget-image\" data-id=\"1ecc612\" data-element_type=\"widget\" data-e-type=\"widget\" data-settings=\"{&quot;_position&quot;:&quot;absolute&quot;}\" data-widget_type=\"image.default\">\n\t\t\t\t\t\t\t\t\t\t\t\t\t\t\t<img fetchpriority=\"high\" decoding=\"async\" width=\"601\" height=\"642\" src=\"https:\/\/www.between.tech\/wp-content\/uploads\/soytalento01.png\" class=\"attachment-full size-full wp-image-4822\" alt=\"\" \/>\t\t\t\t\t\t\t\t\t\t\t\t\t\t\t<\/div>\n\t\t\t\t<\/div>\n\t\t<div class=\"elementor-element elementor-element-86bc222 e-con-full e-flex e-con e-child\" data-id=\"86bc222\" data-element_type=\"container\" data-e-type=\"container\" data-settings=\"{&quot;background_background&quot;:&quot;classic&quot;}\">\n\t\t<div class=\"elementor-element elementor-element-7af4eac e-con-full e-flex e-con e-child\" data-id=\"7af4eac\" data-element_type=\"container\" data-e-type=\"container\">\n\t\t\t\t<div class=\"elementor-element elementor-element-fe6060c elementor-widget elementor-widget-heading\" data-id=\"fe6060c\" data-element_type=\"widget\" data-e-type=\"widget\" data-widget_type=\"heading.default\">\n\t\t\t\t\t<div class=\"elementor-heading-title elementor-size-default\">EL TEU TALENT, <BR>LA NOSTRA PRIORITAT<\/div>\t\t\t\t<\/div>\n\t\t\t\t<\/div>\n\t\t<div class=\"elementor-element elementor-element-e1c828a e-con-full e-flex e-con e-child\" data-id=\"e1c828a\" data-element_type=\"container\" data-e-type=\"container\">\n\t\t\t\t<div class=\"elementor-element elementor-element-e48785a arrow-start elementor-widget elementor-widget-text-editor\" data-id=\"e48785a\" data-element_type=\"widget\" data-e-type=\"widget\" data-widget_type=\"text-editor.default\">\n\t\t\t\t\t\t\t\t\t<p>Descobreix\u00a0 com BETWEEN fusiona talent i innovaci\u00f3 per a superar les teves metes.<\/p><p>Explora les nostres oportunitats i, si no trobes l&#8217;oferta perfecta, comparteix el teu talent amb nosaltres i constru\u00efm junts el futur!<\/p>\t\t\t\t\t\t\t\t<\/div>\n\t\t\t\t<\/div>\n\t\t<div class=\"elementor-element elementor-element-cbba322 e-con-full e-flex e-con e-child\" data-id=\"cbba322\" data-element_type=\"container\" data-e-type=\"container\">\n\t\t\t\t<div class=\"elementor-element elementor-element-0232400 elementor-widget elementor-widget-button\" data-id=\"0232400\" data-element_type=\"widget\" data-e-type=\"widget\" data-widget_type=\"button.default\">\n\t\t\t\t\t\t\t\t\t\t<a class=\"elementor-button elementor-button-link elementor-size-sm\" href=\"https:\/\/talento.between.tech\/talent-community\/join\/\">\n\t\t\t\t\t\t<span class=\"elementor-button-content-wrapper\">\n\t\t\t\t\t\t\t\t\t<span class=\"elementor-button-text\">CONTACTA AMB NOSALTRES<\/span>\n\t\t\t\t\t<\/span>\n\t\t\t\t\t<\/a>\n\t\t\t\t\t\t\t\t<\/div>\n\t\t\t\t<\/div>\n\t\t\t\t<\/div>\n\t\t\t\t<\/div>\n\t\t<div class=\"elementor-element elementor-element-e9232eb e-con-full e-flex e-con e-parent\" data-id=\"e9232eb\" data-element_type=\"container\" data-e-type=\"container\" id=\"ofertas\" data-settings=\"{&quot;background_background&quot;:&quot;classic&quot;}\">\n\t\t\t\t<div class=\"elementor-element elementor-element-70cb1fc scrolling-home elementor-widget elementor-widget-shortcode\" data-id=\"70cb1fc\" data-element_type=\"widget\" data-e-type=\"widget\" data-widget_type=\"shortcode.default\">\n\t\t\t\t\t\t\t<div class=\"elementor-shortcode\"><div class='marquee-hsas-shortcode-61' style='width: 100%;overflow: hidden;'><span style=\"\"><h1><b>OFERTES<\/b> D'<b>OCUPACI\u00d3 TECNOL\u00d2GICA  <\/b><\/h1><\/span><\/div><script>jQuery(function(){jQuery('.marquee-hsas-shortcode-61').marquee({allowCss3Support: true,css3easing: 'linear',easing: 'linear',delayBeforeStart: 2000,direction: 'left',duplicated: true,duration: 20000,gap: 10,pauseOnCycle: true,pauseOnHover: true,startVisible: true});});<\/script><\/div>\n\t\t\t\t\t\t<\/div>\n\t\t\t\t<\/div>\n\t\t<div class=\"elementor-element elementor-element-4441b0d e-flex e-con-boxed e-con e-parent\" data-id=\"4441b0d\" data-element_type=\"container\" data-e-type=\"container\" data-settings=\"{&quot;background_background&quot;:&quot;classic&quot;}\">\n\t\t\t\t\t<div class=\"e-con-inner\">\n\t\t\t\t<div class=\"elementor-element elementor-element-55f701e elementor-widget elementor-widget-heading\" data-id=\"55f701e\" data-element_type=\"widget\" data-e-type=\"widget\" data-widget_type=\"heading.default\">\n\t\t\t\t\t<h2 class=\"elementor-heading-title elementor-size-default\">llistat d'ofertes d'ocupaci\u00f3 tecnol\u00f2gica<\/h2>\t\t\t\t<\/div>\n\t\t\t\t<div class=\"elementor-element elementor-element-4a9edc9 elementor-widget elementor-widget-html\" data-id=\"4a9edc9\" data-element_type=\"widget\" data-e-type=\"widget\" data-widget_type=\"html.default\">\n\t\t\t\t\t<div id=\"vb-jobs\" data-url=\"https:\/\/app.viterbit.com\/jobs-widget\/t1z9dQ5Dph0\/open-url\/\"><\/div> <script src=\"https:\/\/assets.viterbit.com\/build\/js\/vbtheme\/pages\/company\/jobswidget\/jobs_widget.js\" type=\"text\/javascript\"><\/script>\t\t\t\t<\/div>\n\t\t\t\t\t<\/div>\n\t\t\t\t<\/div>\n\t\t<div class=\"elementor-element elementor-element-0530d72 e-con-full e-flex e-con e-parent\" data-id=\"0530d72\" data-element_type=\"container\" data-e-type=\"container\">\n\t\t<div class=\"elementor-element elementor-element-36f2571 e-con-full e-flex e-con e-child\" data-id=\"36f2571\" data-element_type=\"container\" data-e-type=\"container\" data-settings=\"{&quot;background_background&quot;:&quot;classic&quot;}\">\n\t\t\t\t<div class=\"elementor-element elementor-element-7ea45c9 elementor-widget elementor-widget-image\" data-id=\"7ea45c9\" data-element_type=\"widget\" data-e-type=\"widget\" data-widget_type=\"image.default\">\n\t\t\t\t\t\t\t\t\t\t\t\t\t\t\t<img decoding=\"async\" width=\"960\" height=\"453\" src=\"https:\/\/www.between.tech\/wp-content\/uploads\/soytalento02.png\" class=\"attachment-full size-full wp-image-4824\" alt=\"\" srcset=\"https:\/\/www.between.tech\/wp-content\/uploads\/soytalento02.png 960w, https:\/\/www.between.tech\/wp-content\/uploads\/soytalento02-768x362.png 768w\" sizes=\"(max-width: 960px) 100vw, 960px\" \/>\t\t\t\t\t\t\t\t\t\t\t\t\t\t\t<\/div>\n\t\t<div class=\"elementor-element elementor-element-2e97964 e-con-full e-flex e-con e-child\" data-id=\"2e97964\" data-element_type=\"container\" data-e-type=\"container\">\n\t\t\t\t<div class=\"elementor-element elementor-element-1bd4039 elementor-widget elementor-widget-heading\" data-id=\"1bd4039\" data-element_type=\"widget\" data-e-type=\"widget\" data-widget_type=\"heading.default\">\n\t\t\t\t\t<div class=\"elementor-heading-title elementor-size-default\">BETWEEN<BR>&amp; YOU<\/div>\t\t\t\t<\/div>\n\t\t\t\t<div class=\"elementor-element elementor-element-0dea2c0 minheight100 elementor-widget elementor-widget-text-editor\" data-id=\"0dea2c0\" data-element_type=\"widget\" data-e-type=\"widget\" data-widget_type=\"text-editor.default\">\n\t\t\t\t\t\t\t\t\tDescobreix tot el que pot fer\u00a0BETWEEN\u00a0per tu.\t\t\t\t\t\t\t\t<\/div>\n\t\t\t\t<div class=\"elementor-element elementor-element-d489991 elementor-widget elementor-widget-button\" data-id=\"d489991\" data-element_type=\"widget\" data-e-type=\"widget\" data-widget_type=\"button.default\">\n\t\t\t\t\t\t\t\t\t\t<a class=\"elementor-button elementor-button-link elementor-size-sm\" href=\"https:\/\/www.between.tech\/ca\/soc-talent\/btw-you\/\">\n\t\t\t\t\t\t<span class=\"elementor-button-content-wrapper\">\n\t\t\t\t\t\t\t\t\t<span class=\"elementor-button-text\">SABER M\u00c9S<\/span>\n\t\t\t\t\t<\/span>\n\t\t\t\t\t<\/a>\n\t\t\t\t\t\t\t\t<\/div>\n\t\t\t\t<\/div>\n\t\t\t\t<\/div>\n\t\t<div class=\"elementor-element elementor-element-c6561b1 e-con-full e-flex e-con e-child\" data-id=\"c6561b1\" data-element_type=\"container\" data-e-type=\"container\" data-settings=\"{&quot;background_background&quot;:&quot;classic&quot;}\">\n\t\t\t\t<div class=\"elementor-element elementor-element-9bdaf84 elementor-widget elementor-widget-image\" data-id=\"9bdaf84\" data-element_type=\"widget\" data-e-type=\"widget\" data-widget_type=\"image.default\">\n\t\t\t\t\t\t\t\t\t\t\t\t\t\t\t<img decoding=\"async\" width=\"960\" height=\"453\" src=\"https:\/\/www.between.tech\/wp-content\/uploads\/soytalento03.png\" class=\"attachment-full size-full wp-image-4825\" alt=\"\" srcset=\"https:\/\/www.between.tech\/wp-content\/uploads\/soytalento03.png 960w, https:\/\/www.between.tech\/wp-content\/uploads\/soytalento03-768x362.png 768w\" sizes=\"(max-width: 960px) 100vw, 960px\" \/>\t\t\t\t\t\t\t\t\t\t\t\t\t\t\t<\/div>\n\t\t<div class=\"elementor-element elementor-element-064b59b e-con-full e-flex e-con e-child\" data-id=\"064b59b\" data-element_type=\"container\" data-e-type=\"container\">\n\t\t\t\t<div class=\"elementor-element elementor-element-022ee52 elementor-widget elementor-widget-heading\" data-id=\"022ee52\" data-element_type=\"widget\" data-e-type=\"widget\" data-widget_type=\"heading.default\">\n\t\t\t\t\t<div class=\"elementor-heading-title elementor-size-default\">BETWEEN<BR>GROUP<\/div>\t\t\t\t<\/div>\n\t\t\t\t<div class=\"elementor-element elementor-element-1125322 minheight100 elementor-widget elementor-widget-text-editor\" data-id=\"1125322\" data-element_type=\"widget\" data-e-type=\"widget\" data-widget_type=\"text-editor.default\">\n\t\t\t\t\t\t\t\t\t<p>BETWEEN Group ofereix solucions tecnol\u00f2giques avan\u00e7ades a trav\u00e9s de diverses marques, amb pres\u00e8ncia a tot Espanya.<\/p>\t\t\t\t\t\t\t\t<\/div>\n\t\t\t\t<div class=\"elementor-element elementor-element-dc96979 elementor-widget elementor-widget-button\" data-id=\"dc96979\" data-element_type=\"widget\" data-e-type=\"widget\" data-widget_type=\"button.default\">\n\t\t\t\t\t\t\t\t\t\t<a class=\"elementor-button elementor-button-link elementor-size-sm\" href=\"https:\/\/www.between.tech\/ca\/soc-talent\/between-group\/\">\n\t\t\t\t\t\t<span class=\"elementor-button-content-wrapper\">\n\t\t\t\t\t\t\t\t\t<span class=\"elementor-button-text\">SABER M\u00c9S<\/span>\n\t\t\t\t\t<\/span>\n\t\t\t\t\t<\/a>\n\t\t\t\t\t\t\t\t<\/div>\n\t\t\t\t<\/div>\n\t\t\t\t<\/div>\n\t\t\t\t<\/div>\n\t\t<div class=\"elementor-element elementor-element-0d02efd e-con-full e-flex e-con e-parent\" data-id=\"0d02efd\" data-element_type=\"container\" data-e-type=\"container\" data-settings=\"{&quot;background_background&quot;:&quot;classic&quot;}\">\n\t\t<div class=\"elementor-element elementor-element-9fcb986 e-con-full e-flex e-con e-child\" data-id=\"9fcb986\" data-element_type=\"container\" data-e-type=\"container\" data-settings=\"{&quot;background_background&quot;:&quot;classic&quot;}\">\n\t\t<div class=\"elementor-element elementor-element-378e528 e-con-full e-flex e-con e-child\" data-id=\"378e528\" data-element_type=\"container\" data-e-type=\"container\" data-settings=\"{&quot;background_background&quot;:&quot;classic&quot;}\">\n\t\t<div class=\"elementor-element elementor-element-033999f e-con-full e-flex e-con e-child\" data-id=\"033999f\" data-element_type=\"container\" data-e-type=\"container\">\n\t\t\t\t<div class=\"elementor-element elementor-element-5b1a36d elementor-widget elementor-widget-heading\" data-id=\"5b1a36d\" data-element_type=\"widget\" data-e-type=\"widget\" data-widget_type=\"heading.default\">\n\t\t\t\t\t<h3 class=\"elementor-heading-title elementor-size-default\">POT\u00c8NCIA EL TEU TALENT A\u00a0BETWEEN<\/h3>\t\t\t\t<\/div>\n\t\t\t\t<\/div>\n\t\t<div class=\"elementor-element elementor-element-afd5b3e e-con-full e-flex e-con e-child\" data-id=\"afd5b3e\" data-element_type=\"container\" data-e-type=\"container\">\n\t\t\t\t<div class=\"elementor-element elementor-element-7974411 arrow-start-white elementor-widget elementor-widget-text-editor\" data-id=\"7974411\" data-element_type=\"widget\" data-e-type=\"widget\" data-widget_type=\"text-editor.default\">\n\t\t\t\t\t\t\t\t\t<p>Descobreix oportunitats i conrea el teu talent en un equip que impulsa el teu creixement professional.<br \/><br \/>Si encara no has trobat una oferta destacada que s&#8217;ajusti al teu perfil, comparteix el teu talent amb nosaltres i constru\u00efm junts el futur!<\/p>\t\t\t\t\t\t\t\t<\/div>\n\t\t\t\t<\/div>\n\t\t<div class=\"elementor-element elementor-element-09b1b1b e-con-full form-talento-2 e-flex e-con e-child\" data-id=\"09b1b1b\" data-element_type=\"container\" data-e-type=\"container\">\n\t\t\t\t<div class=\"elementor-element elementor-element-865fa8c elementor-widget elementor-widget-button\" data-id=\"865fa8c\" data-element_type=\"widget\" data-e-type=\"widget\" data-widget_type=\"button.default\">\n\t\t\t\t\t\t\t\t\t\t<a class=\"elementor-button elementor-button-link elementor-size-sm\" href=\"https:\/\/talento.between.tech\/talent-community\/join\/\">\n\t\t\t\t\t\t<span class=\"elementor-button-content-wrapper\">\n\t\t\t\t\t\t\t\t\t<span class=\"elementor-button-text\">CONTACTA AMB NOSALTRES<\/span>\n\t\t\t\t\t<\/span>\n\t\t\t\t\t<\/a>\n\t\t\t\t\t\t\t\t<\/div>\n\t\t\t\t<\/div>\n\t\t\t\t<\/div>\n\t\t<div class=\"elementor-element elementor-element-2bc33e9 e-con-full e-flex e-con e-child\" data-id=\"2bc33e9\" data-element_type=\"container\" data-e-type=\"container\" data-settings=\"{&quot;background_background&quot;:&quot;classic&quot;}\">\n\t\t\t\t<\/div>\n\t\t\t\t<\/div>\n\t\t\t\t<\/div>\n\t\t\t\t<\/div>\n\t\t","protected":false},"excerpt":{"rendered":"<p>BUSCO TREBALL! SOC TALENT&nbsp; TALENT TALENT EL TEU TALENT, LA NOSTRA PRIORITAT Descobreix\u00a0 com BETWEEN fusiona talent i innovaci\u00f3 per a superar les teves metes. Explora les nostres oportunitats i, si no trobes l&#8217;oferta perfecta, comparteix el teu talent amb nosaltres i constru\u00efm junts el futur! CONTACTA AMB NOSALTRES llistat d&#8217;ofertes d&#8217;ocupaci\u00f3 tecnol\u00f2gica BETWEEN&amp; YOU [&hellip;]<\/p>\n","protected":false},"author":1,"featured_media":0,"parent":0,"menu_order":0,"comment_status":"closed","ping_status":"closed","template":"","meta":{"footnotes":""},"class_list":["post-4821","page","type-page","status-publish","hentry"],"yoast_head":"<!-- This site is optimized with the Yoast SEO plugin v27.1.1 - https:\/\/yoast.com\/product\/yoast-seo-wordpress\/ -->\n<title>Ofertas de Empleo Tecnol\u00f3gico | BETWEEN<\/title>\n<meta name=\"description\" content=\"Las mejores ofertas de empleo tecnol\u00f3gico. Incorp\u00f3rate a BETWEEN aportando tu experiencia a nuevos proyectos de ingenier\u00eda e IT.\" \/>\n<meta name=\"robots\" content=\"index, follow, max-snippet:-1, max-image-preview:large, max-video-preview:-1\" \/>\n<link rel=\"canonical\" href=\"https:\/\/www.between.tech\/ca\/soc-talent\/\" \/>\n<meta property=\"og:locale\" content=\"ca_ES\" \/>\n<meta property=\"og:type\" content=\"article\" \/>\n<meta property=\"og:title\" content=\"Ofertas de Empleo Tecnol\u00f3gico | BETWEEN\" \/>\n<meta property=\"og:description\" content=\"Las mejores ofertas de empleo tecnol\u00f3gico. Incorp\u00f3rate a BETWEEN aportando tu experiencia a nuevos proyectos de ingenier\u00eda e IT.\" \/>\n<meta property=\"og:url\" content=\"https:\/\/www.between.tech\/ca\/soc-talent\/\" \/>\n<meta property=\"og:site_name\" content=\"Between\" \/>\n<meta property=\"article:modified_time\" content=\"2025-06-13T11:12:38+00:00\" \/>\n<meta property=\"og:image\" content=\"https:\/\/www.between.tech\/wp-content\/uploads\/soytalento01.png\" \/>\n<meta name=\"twitter:card\" content=\"summary_large_image\" \/>\n<meta name=\"twitter:label1\" content=\"Est. reading time\" \/>\n\t<meta name=\"twitter:data1\" content=\"2 minutes\" \/>\n<script type=\"application\/ld+json\" class=\"yoast-schema-graph\">{\"@context\":\"https:\/\/schema.org\",\"@graph\":[{\"@type\":\"WebPage\",\"@id\":\"https:\/\/www.between.tech\/ca\/soc-talent\/\",\"url\":\"https:\/\/www.between.tech\/ca\/soc-talent\/\",\"name\":\"Ofertas de Empleo Tecnol\u00f3gico | BETWEEN\",\"isPartOf\":{\"@id\":\"https:\/\/www.between.tech\/ca\/#website\"},\"primaryImageOfPage\":{\"@id\":\"https:\/\/www.between.tech\/ca\/soc-talent\/#primaryimage\"},\"image\":{\"@id\":\"https:\/\/www.between.tech\/ca\/soc-talent\/#primaryimage\"},\"thumbnailUrl\":\"https:\/\/www.between.tech\/wp-content\/uploads\/soytalento01.png\",\"datePublished\":\"2024-02-23T15:31:24+00:00\",\"dateModified\":\"2025-06-13T11:12:38+00:00\",\"description\":\"Las mejores ofertas de empleo tecnol\u00f3gico. Incorp\u00f3rate a BETWEEN aportando tu experiencia a nuevos proyectos de ingenier\u00eda e IT.\",\"breadcrumb\":{\"@id\":\"https:\/\/www.between.tech\/ca\/soc-talent\/#breadcrumb\"},\"inLanguage\":\"ca-ES\",\"potentialAction\":[{\"@type\":\"ReadAction\",\"target\":[\"https:\/\/www.between.tech\/ca\/soc-talent\/\"]}]},{\"@type\":\"ImageObject\",\"inLanguage\":\"ca-ES\",\"@id\":\"https:\/\/www.between.tech\/ca\/soc-talent\/#primaryimage\",\"url\":\"https:\/\/www.between.tech\/wp-content\/uploads\/soytalento01.png\",\"contentUrl\":\"https:\/\/www.between.tech\/wp-content\/uploads\/soytalento01.png\"},{\"@type\":\"BreadcrumbList\",\"@id\":\"https:\/\/www.between.tech\/ca\/soc-talent\/#breadcrumb\",\"itemListElement\":[{\"@type\":\"ListItem\",\"position\":1,\"name\":\"Portada\",\"item\":\"https:\/\/www.between.tech\/ca\/\"},{\"@type\":\"ListItem\",\"position\":2,\"name\":\"Soc Talent\"}]},{\"@type\":\"WebSite\",\"@id\":\"https:\/\/www.between.tech\/ca\/#website\",\"url\":\"https:\/\/www.between.tech\/ca\/\",\"name\":\"Between\",\"description\":\"\",\"publisher\":{\"@id\":\"https:\/\/www.between.tech\/ca\/#organization\"},\"potentialAction\":[{\"@type\":\"SearchAction\",\"target\":{\"@type\":\"EntryPoint\",\"urlTemplate\":\"https:\/\/www.between.tech\/ca\/?s={search_term_string}\"},\"query-input\":{\"@type\":\"PropertyValueSpecification\",\"valueRequired\":true,\"valueName\":\"search_term_string\"}}],\"inLanguage\":\"ca-ES\"},{\"@type\":\"Organization\",\"@id\":\"https:\/\/www.between.tech\/ca\/#organization\",\"name\":\"Between\",\"url\":\"https:\/\/www.between.tech\/ca\/\",\"logo\":{\"@type\":\"ImageObject\",\"inLanguage\":\"ca-ES\",\"@id\":\"https:\/\/www.between.tech\/ca\/#\/schema\/logo\/image\/\",\"url\":\"https:\/\/www.between.tech\/wp-content\/uploads\/logo-wh.svg\",\"contentUrl\":\"https:\/\/www.between.tech\/wp-content\/uploads\/logo-wh.svg\",\"width\":168,\"height\":41,\"caption\":\"Between\"},\"image\":{\"@id\":\"https:\/\/www.between.tech\/ca\/#\/schema\/logo\/image\/\"}}]}<\/script>\n<!-- \/ Yoast SEO plugin. -->","yoast_head_json":{"title":"Ofertas de Empleo Tecnol\u00f3gico | BETWEEN","description":"Las mejores ofertas de empleo tecnol\u00f3gico. Incorp\u00f3rate a BETWEEN aportando tu experiencia a nuevos proyectos de ingenier\u00eda e IT.","robots":{"index":"index","follow":"follow","max-snippet":"max-snippet:-1","max-image-preview":"max-image-preview:large","max-video-preview":"max-video-preview:-1"},"canonical":"https:\/\/www.between.tech\/ca\/soc-talent\/","og_locale":"ca_ES","og_type":"article","og_title":"Ofertas de Empleo Tecnol\u00f3gico | BETWEEN","og_description":"Las mejores ofertas de empleo tecnol\u00f3gico. Incorp\u00f3rate a BETWEEN aportando tu experiencia a nuevos proyectos de ingenier\u00eda e IT.","og_url":"https:\/\/www.between.tech\/ca\/soc-talent\/","og_site_name":"Between","article_modified_time":"2025-06-13T11:12:38+00:00","og_image":[{"url":"https:\/\/www.between.tech\/wp-content\/uploads\/soytalento01.png","type":"","width":"","height":""}],"twitter_card":"summary_large_image","twitter_misc":{"Est. reading time":"2 minutes"},"schema":{"@context":"https:\/\/schema.org","@graph":[{"@type":"WebPage","@id":"https:\/\/www.between.tech\/ca\/soc-talent\/","url":"https:\/\/www.between.tech\/ca\/soc-talent\/","name":"Ofertas de Empleo Tecnol\u00f3gico | BETWEEN","isPartOf":{"@id":"https:\/\/www.between.tech\/ca\/#website"},"primaryImageOfPage":{"@id":"https:\/\/www.between.tech\/ca\/soc-talent\/#primaryimage"},"image":{"@id":"https:\/\/www.between.tech\/ca\/soc-talent\/#primaryimage"},"thumbnailUrl":"https:\/\/www.between.tech\/wp-content\/uploads\/soytalento01.png","datePublished":"2024-02-23T15:31:24+00:00","dateModified":"2025-06-13T11:12:38+00:00","description":"Las mejores ofertas de empleo tecnol\u00f3gico. Incorp\u00f3rate a BETWEEN aportando tu experiencia a nuevos proyectos de ingenier\u00eda e IT.","breadcrumb":{"@id":"https:\/\/www.between.tech\/ca\/soc-talent\/#breadcrumb"},"inLanguage":"ca-ES","potentialAction":[{"@type":"ReadAction","target":["https:\/\/www.between.tech\/ca\/soc-talent\/"]}]},{"@type":"ImageObject","inLanguage":"ca-ES","@id":"https:\/\/www.between.tech\/ca\/soc-talent\/#primaryimage","url":"https:\/\/www.between.tech\/wp-content\/uploads\/soytalento01.png","contentUrl":"https:\/\/www.between.tech\/wp-content\/uploads\/soytalento01.png"},{"@type":"BreadcrumbList","@id":"https:\/\/www.between.tech\/ca\/soc-talent\/#breadcrumb","itemListElement":[{"@type":"ListItem","position":1,"name":"Portada","item":"https:\/\/www.between.tech\/ca\/"},{"@type":"ListItem","position":2,"name":"Soc Talent"}]},{"@type":"WebSite","@id":"https:\/\/www.between.tech\/ca\/#website","url":"https:\/\/www.between.tech\/ca\/","name":"Between","description":"","publisher":{"@id":"https:\/\/www.between.tech\/ca\/#organization"},"potentialAction":[{"@type":"SearchAction","target":{"@type":"EntryPoint","urlTemplate":"https:\/\/www.between.tech\/ca\/?s={search_term_string}"},"query-input":{"@type":"PropertyValueSpecification","valueRequired":true,"valueName":"search_term_string"}}],"inLanguage":"ca-ES"},{"@type":"Organization","@id":"https:\/\/www.between.tech\/ca\/#organization","name":"Between","url":"https:\/\/www.between.tech\/ca\/","logo":{"@type":"ImageObject","inLanguage":"ca-ES","@id":"https:\/\/www.between.tech\/ca\/#\/schema\/logo\/image\/","url":"https:\/\/www.between.tech\/wp-content\/uploads\/logo-wh.svg","contentUrl":"https:\/\/www.between.tech\/wp-content\/uploads\/logo-wh.svg","width":168,"height":41,"caption":"Between"},"image":{"@id":"https:\/\/www.between.tech\/ca\/#\/schema\/logo\/image\/"}}]}},"_links":{"self":[{"href":"https:\/\/www.between.tech\/ca\/wp-json\/wp\/v2\/pages\/4821","targetHints":{"allow":["GET"]}}],"collection":[{"href":"https:\/\/www.between.tech\/ca\/wp-json\/wp\/v2\/pages"}],"about":[{"href":"https:\/\/www.between.tech\/ca\/wp-json\/wp\/v2\/types\/page"}],"author":[{"embeddable":true,"href":"https:\/\/www.between.tech\/ca\/wp-json\/wp\/v2\/users\/1"}],"replies":[{"embeddable":true,"href":"https:\/\/www.between.tech\/ca\/wp-json\/wp\/v2\/comments?post=4821"}],"version-history":[{"count":0,"href":"https:\/\/www.between.tech\/ca\/wp-json\/wp\/v2\/pages\/4821\/revisions"}],"wp:attachment":[{"href":"https:\/\/www.between.tech\/ca\/wp-json\/wp\/v2\/media?parent=4821"}],"curies":[{"name":"wp","href":"https:\/\/api.w.org\/{rel}","templated":true}]}}