{"id":4942,"date":"2024-04-26T11:22:40","date_gmt":"2024-04-26T09:22:40","guid":{"rendered":"https:\/\/www.between.tech\/canal-etico\/"},"modified":"2024-07-29T11:25:39","modified_gmt":"2024-07-29T09:25:39","slug":"canal-etic","status":"publish","type":"page","link":"https:\/\/www.between.tech\/ca\/canal-etic\/","title":{"rendered":"Canal \u00e8tic"},"content":{"rendered":"\t\t<div data-elementor-type=\"wp-page\" data-elementor-id=\"4942\" class=\"elementor elementor-4942 elementor-4284\" data-elementor-post-type=\"page\">\n\t\t\t\t<div class=\"elementor-element elementor-element-979196a e-con-full e-flex e-con e-parent\" data-id=\"979196a\" data-element_type=\"container\" data-e-type=\"container\" data-settings=\"{&quot;background_background&quot;:&quot;classic&quot;}\">\n\t\t<div class=\"elementor-element elementor-element-1f4c292 e-con-full e-flex e-con e-child\" data-id=\"1f4c292\" data-element_type=\"container\" data-e-type=\"container\" data-settings=\"{&quot;background_background&quot;:&quot;classic&quot;}\">\n\t\t\t\t<\/div>\n\t\t<div class=\"elementor-element elementor-element-605a714 e-con-full e-flex e-con e-child\" data-id=\"605a714\" data-element_type=\"container\" data-e-type=\"container\" data-settings=\"{&quot;background_background&quot;:&quot;classic&quot;}\">\n\t\t<div class=\"elementor-element elementor-element-51b3770 e-con-full e-flex e-con e-child\" data-id=\"51b3770\" data-element_type=\"container\" data-e-type=\"container\">\n\t\t\t\t<div class=\"elementor-element elementor-element-cd63a3f elementor-widget elementor-widget-heading\" data-id=\"cd63a3f\" data-element_type=\"widget\" data-e-type=\"widget\" data-widget_type=\"heading.default\">\n\t\t\t\t\t<h2 class=\"elementor-heading-title elementor-size-default\">CANAL \u00c9TICO<\/h2>\t\t\t\t<\/div>\n\t\t\t\t<\/div>\n\t\t<div class=\"elementor-element elementor-element-87db3a3 e-con-full e-flex e-con e-child\" data-id=\"87db3a3\" data-element_type=\"container\" data-e-type=\"container\">\n\t\t\t\t<div class=\"elementor-element elementor-element-03efea9 arrow-start elementor-widget elementor-widget-text-editor\" data-id=\"03efea9\" data-element_type=\"widget\" data-e-type=\"widget\" data-widget_type=\"text-editor.default\">\n\t\t\t\t\t\t\t\t\t<p class=\"pf0\"><span class=\"cf0\">BETWEEN s&#8217;adhereix al Pla d&#8217;Igualtat i garanteix igualtat d&#8217;oportunitats en la gesti\u00f3 del talent sense distinci\u00f3. L&#8217;objectiu \u00e9s fomentar una cultura d&#8217;integritat i de transpar\u00e8ncia, i permetre a BETWEEN resoldre aquests problemes de manera efectiva. \u00c9s important recalcar que el Canal \u00c8tic garanteix en tot moment la privadesa tant per al\/la denunciant com per a la persona o empresa afectada. Posem a la vostra disposici\u00f3 el nostre<a href=\"https:\/\/www.between.tech\/wp-content\/uploads\/Codigo-Etico_GRUPO-BETWEEN.pdf\"> codi \u00e8tic.<\/a><\/span><\/p>\nA m\u00e9s, oferim un <a href=\"https:\/\/www.between.tech\/wp-content\/uploads\/Politica-CAE_GRUPO-BETWEEN-Cast.pdf\" target=\"_blank\" rel=\"noopener\">Canal d&#8217;Alerta \u00c8tica<\/a> per reportar violacions \u00e8tiques, assegurant confidencialitat i fomentant la integritat i la transpar\u00e8ncia.\t\t\t\t\t\t\t\t<\/div>\n\t\t\t\t<\/div>\n\t\t\t\t<\/div>\n\t\t\t\t<\/div>\n\t\t<div class=\"elementor-element elementor-element-812bfbd e-con-full e-flex e-con e-parent\" data-id=\"812bfbd\" data-element_type=\"container\" data-e-type=\"container\" data-settings=\"{&quot;background_background&quot;:&quot;classic&quot;}\">\n\t\t<div class=\"elementor-element elementor-element-dd4daaa e-con-full e-flex e-con e-child\" data-id=\"dd4daaa\" data-element_type=\"container\" data-e-type=\"container\">\n\t\t\t\t<div class=\"elementor-element elementor-element-17f75dd elementor-widget elementor-widget-heading\" data-id=\"17f75dd\" data-element_type=\"widget\" data-e-type=\"widget\" data-widget_type=\"heading.default\">\n\t\t\t\t\t<h2 class=\"elementor-heading-title elementor-size-default\">Benvingut al nostre<BR>Canal d'Alerta \u00c8tica.<\/h2>\t\t\t\t<\/div>\n\t\t\t\t<\/div>\n\t\t<div class=\"elementor-element elementor-element-aaf9590 e-con-full e-flex e-con e-child\" data-id=\"aaf9590\" data-element_type=\"container\" data-e-type=\"container\">\n\t\t\t\t<div class=\"elementor-element elementor-element-df7f1f6 arrow-end elementor-widget elementor-widget-heading\" data-id=\"df7f1f6\" data-element_type=\"widget\" data-e-type=\"widget\" data-widget_type=\"heading.default\">\n\t\t\t\t\t<span class=\"elementor-heading-title elementor-size-default\">Si teniu una comunicaci\u00f3 a realitzar,<br>\ncompleteu el seg\u00fcent formulari.<\/span>\t\t\t\t<\/div>\n\t\t\t\t<\/div>\n\t\t\t\t<\/div>\n\t\t<div class=\"elementor-element elementor-element-60af05d e-con-full e-flex e-con e-parent\" data-id=\"60af05d\" data-element_type=\"container\" data-e-type=\"container\" data-settings=\"{&quot;background_background&quot;:&quot;classic&quot;}\">\n\t\t<div class=\"elementor-element elementor-element-518ddec e-flex e-con-boxed e-con e-child\" data-id=\"518ddec\" data-element_type=\"container\" data-e-type=\"container\">\n\t\t\t\t\t<div class=\"e-con-inner\">\n\t\t\t\t<div class=\"elementor-element elementor-element-54a8ed1 elementor-widget elementor-widget-html\" data-id=\"54a8ed1\" data-element_type=\"widget\" data-e-type=\"widget\" data-widget_type=\"html.default\">\n\t\t\t\t\t<iframe allowtransparency=\"true\" style=\"background-color: transparent;\" name=\"form-complaint\" allow=\"microphone\" src=https:\/\/aa5d7d6292b83e00ec14.canal.h2c.app\/new-form.html frameborder=\"0\" border=\"0\" width=\"100%\" height=\"2300\"><\/iframe>\t\t\t\t<\/div>\n\t\t\t\t\t<\/div>\n\t\t\t\t<\/div>\n\t\t\t\t<\/div>\n\t\t\t\t<\/div>\n\t\t","protected":false},"excerpt":{"rendered":"<p>CANAL \u00c9TICO BETWEEN s&#8217;adhereix al Pla d&#8217;Igualtat i garanteix igualtat d&#8217;oportunitats en la gesti\u00f3 del talent sense distinci\u00f3. L&#8217;objectiu \u00e9s fomentar una cultura d&#8217;integritat i de transpar\u00e8ncia, i permetre a BETWEEN resoldre aquests problemes de manera efectiva. \u00c9s important recalcar que el Canal \u00c8tic garanteix en tot moment la privadesa tant per al\/la denunciant com [&hellip;]<\/p>\n","protected":false},"author":1,"featured_media":0,"parent":0,"menu_order":0,"comment_status":"closed","ping_status":"closed","template":"","meta":{"footnotes":""},"class_list":["post-4942","page","type-page","status-publish","hentry"],"yoast_head":"<!-- This site is optimized with the Yoast SEO plugin v27.1.1 - https:\/\/yoast.com\/product\/yoast-seo-wordpress\/ -->\n<title>Canal de Alerta \u00c9tica e Igualdad | BETWEEN<\/title>\n<meta name=\"description\" content=\"BETWEEN se adhiere al Plan de Igualdad, garantizando igualdad de oportunidades en la gesti\u00f3n del talento sin distinci\u00f3n.\" \/>\n<meta name=\"robots\" content=\"index, follow, max-snippet:-1, max-image-preview:large, max-video-preview:-1\" \/>\n<link rel=\"canonical\" href=\"https:\/\/www.between.tech\/ca\/canal-etic\/\" \/>\n<meta property=\"og:locale\" content=\"ca_ES\" \/>\n<meta property=\"og:type\" content=\"article\" \/>\n<meta property=\"og:title\" content=\"Canal de Alerta \u00c9tica e Igualdad | BETWEEN\" \/>\n<meta property=\"og:description\" content=\"BETWEEN se adhiere al Plan de Igualdad, garantizando igualdad de oportunidades en la gesti\u00f3n del talento sin distinci\u00f3n.\" \/>\n<meta property=\"og:url\" content=\"https:\/\/www.between.tech\/ca\/canal-etic\/\" \/>\n<meta property=\"og:site_name\" content=\"Between\" \/>\n<meta property=\"article:modified_time\" content=\"2024-07-29T09:25:39+00:00\" \/>\n<meta name=\"twitter:card\" content=\"summary_large_image\" \/>\n<meta name=\"twitter:label1\" content=\"Est. reading time\" \/>\n\t<meta name=\"twitter:data1\" content=\"1 minute\" \/>\n<script type=\"application\/ld+json\" class=\"yoast-schema-graph\">{\"@context\":\"https:\/\/schema.org\",\"@graph\":[{\"@type\":\"WebPage\",\"@id\":\"https:\/\/www.between.tech\/ca\/canal-etic\/\",\"url\":\"https:\/\/www.between.tech\/ca\/canal-etic\/\",\"name\":\"Canal de Alerta \u00c9tica e Igualdad | BETWEEN\",\"isPartOf\":{\"@id\":\"https:\/\/www.between.tech\/ca\/#website\"},\"datePublished\":\"2024-04-26T09:22:40+00:00\",\"dateModified\":\"2024-07-29T09:25:39+00:00\",\"description\":\"BETWEEN se adhiere al Plan de Igualdad, garantizando igualdad de oportunidades en la gesti\u00f3n del talento sin distinci\u00f3n.\",\"breadcrumb\":{\"@id\":\"https:\/\/www.between.tech\/ca\/canal-etic\/#breadcrumb\"},\"inLanguage\":\"ca-ES\",\"potentialAction\":[{\"@type\":\"ReadAction\",\"target\":[\"https:\/\/www.between.tech\/ca\/canal-etic\/\"]}]},{\"@type\":\"BreadcrumbList\",\"@id\":\"https:\/\/www.between.tech\/ca\/canal-etic\/#breadcrumb\",\"itemListElement\":[{\"@type\":\"ListItem\",\"position\":1,\"name\":\"Portada\",\"item\":\"https:\/\/www.between.tech\/ca\/\"},{\"@type\":\"ListItem\",\"position\":2,\"name\":\"Canal \u00e8tic\"}]},{\"@type\":\"WebSite\",\"@id\":\"https:\/\/www.between.tech\/ca\/#website\",\"url\":\"https:\/\/www.between.tech\/ca\/\",\"name\":\"Between\",\"description\":\"\",\"publisher\":{\"@id\":\"https:\/\/www.between.tech\/ca\/#organization\"},\"potentialAction\":[{\"@type\":\"SearchAction\",\"target\":{\"@type\":\"EntryPoint\",\"urlTemplate\":\"https:\/\/www.between.tech\/ca\/?s={search_term_string}\"},\"query-input\":{\"@type\":\"PropertyValueSpecification\",\"valueRequired\":true,\"valueName\":\"search_term_string\"}}],\"inLanguage\":\"ca-ES\"},{\"@type\":\"Organization\",\"@id\":\"https:\/\/www.between.tech\/ca\/#organization\",\"name\":\"Between\",\"url\":\"https:\/\/www.between.tech\/ca\/\",\"logo\":{\"@type\":\"ImageObject\",\"inLanguage\":\"ca-ES\",\"@id\":\"https:\/\/www.between.tech\/ca\/#\/schema\/logo\/image\/\",\"url\":\"https:\/\/www.between.tech\/wp-content\/uploads\/logo-wh.svg\",\"contentUrl\":\"https:\/\/www.between.tech\/wp-content\/uploads\/logo-wh.svg\",\"width\":168,\"height\":41,\"caption\":\"Between\"},\"image\":{\"@id\":\"https:\/\/www.between.tech\/ca\/#\/schema\/logo\/image\/\"}}]}<\/script>\n<!-- \/ Yoast SEO plugin. -->","yoast_head_json":{"title":"Canal de Alerta \u00c9tica e Igualdad | BETWEEN","description":"BETWEEN se adhiere al Plan de Igualdad, garantizando igualdad de oportunidades en la gesti\u00f3n del talento sin distinci\u00f3n.","robots":{"index":"index","follow":"follow","max-snippet":"max-snippet:-1","max-image-preview":"max-image-preview:large","max-video-preview":"max-video-preview:-1"},"canonical":"https:\/\/www.between.tech\/ca\/canal-etic\/","og_locale":"ca_ES","og_type":"article","og_title":"Canal de Alerta \u00c9tica e Igualdad | BETWEEN","og_description":"BETWEEN se adhiere al Plan de Igualdad, garantizando igualdad de oportunidades en la gesti\u00f3n del talento sin distinci\u00f3n.","og_url":"https:\/\/www.between.tech\/ca\/canal-etic\/","og_site_name":"Between","article_modified_time":"2024-07-29T09:25:39+00:00","twitter_card":"summary_large_image","twitter_misc":{"Est. reading time":"1 minute"},"schema":{"@context":"https:\/\/schema.org","@graph":[{"@type":"WebPage","@id":"https:\/\/www.between.tech\/ca\/canal-etic\/","url":"https:\/\/www.between.tech\/ca\/canal-etic\/","name":"Canal de Alerta \u00c9tica e Igualdad | BETWEEN","isPartOf":{"@id":"https:\/\/www.between.tech\/ca\/#website"},"datePublished":"2024-04-26T09:22:40+00:00","dateModified":"2024-07-29T09:25:39+00:00","description":"BETWEEN se adhiere al Plan de Igualdad, garantizando igualdad de oportunidades en la gesti\u00f3n del talento sin distinci\u00f3n.","breadcrumb":{"@id":"https:\/\/www.between.tech\/ca\/canal-etic\/#breadcrumb"},"inLanguage":"ca-ES","potentialAction":[{"@type":"ReadAction","target":["https:\/\/www.between.tech\/ca\/canal-etic\/"]}]},{"@type":"BreadcrumbList","@id":"https:\/\/www.between.tech\/ca\/canal-etic\/#breadcrumb","itemListElement":[{"@type":"ListItem","position":1,"name":"Portada","item":"https:\/\/www.between.tech\/ca\/"},{"@type":"ListItem","position":2,"name":"Canal \u00e8tic"}]},{"@type":"WebSite","@id":"https:\/\/www.between.tech\/ca\/#website","url":"https:\/\/www.between.tech\/ca\/","name":"Between","description":"","publisher":{"@id":"https:\/\/www.between.tech\/ca\/#organization"},"potentialAction":[{"@type":"SearchAction","target":{"@type":"EntryPoint","urlTemplate":"https:\/\/www.between.tech\/ca\/?s={search_term_string}"},"query-input":{"@type":"PropertyValueSpecification","valueRequired":true,"valueName":"search_term_string"}}],"inLanguage":"ca-ES"},{"@type":"Organization","@id":"https:\/\/www.between.tech\/ca\/#organization","name":"Between","url":"https:\/\/www.between.tech\/ca\/","logo":{"@type":"ImageObject","inLanguage":"ca-ES","@id":"https:\/\/www.between.tech\/ca\/#\/schema\/logo\/image\/","url":"https:\/\/www.between.tech\/wp-content\/uploads\/logo-wh.svg","contentUrl":"https:\/\/www.between.tech\/wp-content\/uploads\/logo-wh.svg","width":168,"height":41,"caption":"Between"},"image":{"@id":"https:\/\/www.between.tech\/ca\/#\/schema\/logo\/image\/"}}]}},"_links":{"self":[{"href":"https:\/\/www.between.tech\/ca\/wp-json\/wp\/v2\/pages\/4942","targetHints":{"allow":["GET"]}}],"collection":[{"href":"https:\/\/www.between.tech\/ca\/wp-json\/wp\/v2\/pages"}],"about":[{"href":"https:\/\/www.between.tech\/ca\/wp-json\/wp\/v2\/types\/page"}],"author":[{"embeddable":true,"href":"https:\/\/www.between.tech\/ca\/wp-json\/wp\/v2\/users\/1"}],"replies":[{"embeddable":true,"href":"https:\/\/www.between.tech\/ca\/wp-json\/wp\/v2\/comments?post=4942"}],"version-history":[{"count":0,"href":"https:\/\/www.between.tech\/ca\/wp-json\/wp\/v2\/pages\/4942\/revisions"}],"wp:attachment":[{"href":"https:\/\/www.between.tech\/ca\/wp-json\/wp\/v2\/media?parent=4942"}],"curies":[{"name":"wp","href":"https:\/\/api.w.org\/{rel}","templated":true}]}}