{"id":4946,"date":"2024-05-08T09:58:17","date_gmt":"2024-05-08T07:58:17","guid":{"rendered":"https:\/\/www.between.tech\/politica-de-privacidad\/"},"modified":"2025-06-03T18:08:05","modified_gmt":"2025-06-03T16:08:05","slug":"politica-de-privacitat","status":"publish","type":"page","link":"https:\/\/www.between.tech\/ca\/politica-de-privacitat\/","title":{"rendered":"Pol\u00edtica de privacitat"},"content":{"rendered":"\t\t<div data-elementor-type=\"wp-page\" data-elementor-id=\"4946\" class=\"elementor elementor-4946 elementor-4538\" data-elementor-post-type=\"page\">\n\t\t\t\t<div class=\"elementor-element elementor-element-a896563 e-flex e-con-boxed e-con e-parent\" data-id=\"a896563\" data-element_type=\"container\" data-e-type=\"container\">\n\t\t\t\t\t<div class=\"e-con-inner\">\n\t\t\t\t<div class=\"elementor-element elementor-element-36c45fd elementor-widget elementor-widget-heading\" data-id=\"36c45fd\" data-element_type=\"widget\" data-e-type=\"widget\" data-widget_type=\"heading.default\">\n\t\t\t\t\t<h2 class=\"elementor-heading-title elementor-size-default\">Responsable del Tractament<\/h2>\t\t\t\t<\/div>\n\t\t\t\t<div class=\"elementor-element elementor-element-02e9ca1 elementor-widget elementor-widget-text-editor\" data-id=\"02e9ca1\" data-element_type=\"widget\" data-e-type=\"widget\" data-widget_type=\"text-editor.default\">\n\t\t\t\t\t\t\t\t\t<p>L&#8217;empresa responsable del tractament de les seves dades en virtut d&#8217;aquesta Pol\u00edtica de privacitat \u00e9s:<\/p><p>BETWEEN TECHNOLOGY, S.L.<\/p><p>NIF: B62257613<br \/>Domicili: C. Pere IV,86, 08005, Barcelona<br \/>Adre\u00e7a de correu electr\u00f2nic: <a href=\"mailto:dades@between.tech\">dades@between.tech<\/a><br \/>Web: between.tech<br \/>Tel\u00e8fon: 933141925<br \/>Inscrita al Registre Mercantil de Barcelona, Tom 42757, Foli 198, Fulla N\u00famero B-228765<\/p><p>A BETWEEN TECHNOLOGY, S.L., reconeixem la import\u00e0ncia de protegir la seva informaci\u00f3 personal i estem compromesos a tractar-la amb responsabilitat i de conformitat amb les lleis de protecci\u00f3 de dades. La present pol\u00edtica de privacitat pret\u00e9n regular tots els aspectes relatius al tractament de dades dels diferents usuaris que naveguen o faciliten les seves dades personals a trav\u00e9s dels diferents formularis situats a la web.<\/p><p><strong>Dades Personals <\/strong><\/p><p>Una dada personal \u00e9s la informaci\u00f3 que l&#8217;identifica o el fa identificable. A trav\u00e9s de la web, en les caselles establertes a l&#8217;efecte, recollim les dades personals que l&#8217;usuari ens comunica: nom, cognoms, correu electr\u00f2nic, tel\u00e8fon, adre\u00e7a postal, poblaci\u00f3, etc., aix\u00ed com totes aquelles dades que volunt\u00e0riament ens proporcioni a trav\u00e9s de qualsevol de les xarxes socials de les quals l&#8217;usuari est\u00e0 registrat. En aquest cas, la privacitat dependr\u00e0 de la pr\u00f2pia configuraci\u00f3 establerta per l&#8217;usuari aix\u00ed com dels termes i condicions de la pr\u00f2pia xarxa social. La visita de l&#8217;usuari a la web no implica que hagi de facilitar cap informaci\u00f3 sobre les seves dades personals. No obstant aix\u00f2, en cas de facilitar-les, les dades seran tractades de forma l\u00edcita subjectes en tot moment als principis i drets recollits en el RGPD 2016\/679 de 27 d&#8217;abril de 2016 i la LOPDGDD 3\/2018 del 5 de desembre.<\/p><p>Finalitat, durada i legitimaci\u00f3 del tractament: Les dades que l&#8217;usuari ens proporcioni les tractarem amb les seg\u00fcents finalitats:<\/p><ul><li>Millorar la seva experi\u00e8ncia al navegar per la web. Aquestes dades les conservarem mentre l&#8217;usuari no revoqui el seu consentiment al tractament de les mateixes eliminant les cookies i durant el temps establert per la llei amb una durada m\u00ednima de 3 anys. La base de legitimaci\u00f3 per millorar la seva experi\u00e8ncia al navegar per la web \u00e9s el consentiment que atorga l&#8217;usuari en acceptar les cookies. L&#8217;usuari t\u00e9 dret a revocar el seu consentiment en qualsevol moment sense que aix\u00f2 afecti la licitud del tractament basat en el consentiment previ a la seva retirada.<\/li><li>Gestionar les nostres xarxes socials i enviar-li informaci\u00f3 sobre les nostres activitats i productes. Aquestes dades les conservarem mentre l&#8217;usuari no revoqui el seu consentiment al tractament de les mateixes i durant el temps establert per la llei amb una durada m\u00ednima de 3 anys. La base leg\u00edtima per gestionar les nostres xarxes socials i enviar-li les nostres activitats i novetats \u00e9s el consentiment que ens atorga per a aix\u00f2. L&#8217;usuari t\u00e9 dret a revocar el seu consentiment en qualsevol moment sense que aix\u00f2 afecti la licitud del tractament basat en el consentiment previ a la seva retirada.<\/li><li>Enviar comunicacions, butlletins o newsletters sobre productes de BETWEEN TECHNOLOGY, S.L.. Sota el consentiment de l&#8217;usuari recollim i tractem les seves dades personals per poder enviar-li informaci\u00f3 sobre els nostres productes i serveis. Aquestes dades les conservarem mentre l&#8217;usuari no revoqui el seu consentiment al tractament de les mateixes i durant el temps establert per la llei amb una durada m\u00ednima de 3 anys. La base de legitimaci\u00f3 del tractament de les dades ser\u00e0 el consentiment que atorga l&#8217;usuari en seleccionar la casella d&#8217;acceptaci\u00f3 de la nostra pol\u00edtica de privacitat abans de subscriure&#8217;s a la newsletter en el formulari habilitat a tal efecte a la web. L&#8217;usuari t\u00e9 dret a revocar el seu consentiment en qualsevol moment sense que aix\u00f2 afecti la licitud del tractament basat en el consentiment previ a la seva retirada.<\/li><li>Gestionar el curr\u00edculum rem\u00e8s per la persona interessada a trav\u00e9s del formulari habilitat per a tal efecte i incloure&#8217;l en la base de dades de candidats de l&#8217;empresa. Aquestes dades es tractaran durant el termini m\u00e0xim d&#8217;un any, transcorregut el qual, es procedir\u00e0 al bloqueig de les dades durant el temps establert legalment, garantint-li un total respecte a la confidencialitat tant en el tractament com en la seva posterior destrucci\u00f3.<\/li><\/ul><p>La base leg\u00edtima per gestionar i tractar el curr\u00edculum de la persona interessada \u00e9s el seu consentiment, el qual manifesta en realitzar una acci\u00f3 afirmativa d&#8217;enviament del mateix i seleccionar la casella d&#8217;acceptaci\u00f3 de la nostra pol\u00edtica de privacitat pr\u00e8viament al seu enviament. L&#8217;usuari t\u00e9 dret a revocar el seu consentiment en qualsevol moment sense que aix\u00f2 afecti la licitud del tractament basat en el consentiment previ a la seva retirada.<\/p><p><strong>Cessi\u00f3 o comunicaci\u00f3 de dades personals i transfer\u00e8ncies internacionals<\/strong><\/p><p>Les seves dades no es comunicaran ni seran cedides a tercers, llevat que existeixi alguna obligaci\u00f3 legal o aquells prestadors vinculats al Responsable que actuen com a encarregats del tractament. Els nostres servidors estan ubicats a la Uni\u00f3 Europea, i amb car\u00e0cter general, contractem prestadors de serveis ubicats tamb\u00e9 dins de l&#8217;Espai Econ\u00f2mic Europeu o en pa\u00efsos que han estat declarats amb un nivell adequat de protecci\u00f3. Si necessitem utilitzar prove\u00efdors de serveis externs que requereixin la transmissi\u00f3 de dades personals fora de la Uni\u00f3 Europea o en pa\u00efsos que no han estat declarats amb un nivell adequat de protecci\u00f3, ens assegurarem de garantir la seguretat i legitimitat del tractament de les seves dades mitjan\u00e7ant decisions d&#8217;adequaci\u00f3, cl\u00e0usules tipus, normes corporatives vinculants, excepcions o qualsevol altre instrument aprovat per l&#8217;autoritat de control que ofereixi les garanties adequades per a la realitzaci\u00f3 de la transfer\u00e8ncia internacional de dades.<\/p><p><strong>Actualitzaci\u00f3 de dades <\/strong><\/p><p>\u00c9s important que perqu\u00e8 puguem mantenir les dades personals actualitzades, l&#8217;usuari ens informi sempre que hi hagi hagut alguna modificaci\u00f3 en elles, en cas contrari, no responem de la veracitat de les mateixes. L&#8217;usuari garanteix que les dades personals facilitades s\u00f3n veraces garantint que tota la informaci\u00f3 facilitada correspon amb la situaci\u00f3 real, que est\u00e0 actualitzada i \u00e9s exacta, quedant obligat a comunicar qualsevol modificaci\u00f3.<\/p><p><strong>Dades de Tercers <\/strong><\/p><p>Si l&#8217;usuari facilita dades de terceres persones per a qualsevol finalitat a BETWEEN TECHNOLOGY, S.L., garanteix que ha obtingut aquestes dades de forma l\u00edcita, que ha informat pr\u00e8viament els afectats, obtenint el seu consentiment per comunicar-los i que la informaci\u00f3 facilitada \u00e9s exacta i vera\u00e7.<\/p><p><strong>Car\u00e0cter obligatori de la informaci\u00f3 sol\u00b7licitada <\/strong><\/p><p>Tots els nostres formularis compten amb un asterisc (*) en les dades obligat\u00f2ries. Si l&#8217;usuari no facilita aquests camps, o no marca la casella d&#8217;acceptaci\u00f3 de la pol\u00edtica de privacitat, no es permetr\u00e0 l&#8217;enviament de la informaci\u00f3.<\/p><p><strong>\u00das de les contrasenyes<\/strong><\/p><p>Per poder accedir a l&#8217;\u00c0rea Privada, l&#8217;USUARI haur\u00e0 de \u201cIniciar Sessi\u00f3\u201d i incloure l&#8217;adre\u00e7a del correu electr\u00f2nic i contrasenya generada en el formulari de registre d&#8217;acord amb les regles de complexitat que s&#8217;estableixin en cada moment a la web. Els usuaris s\u00f3n responsables de l&#8217;adequada cust\u00f2dia i confidencialitat de qualssevol dels identificadors i\/o contrasenyes que hagin seleccionat en el registre, i es comprometen a no cedir el seu \u00fas a tercers, ni permetre el seu acc\u00e9s a persones alienes. Aix\u00ed mateix, ser\u00e0 obligaci\u00f3 de l&#8217;usuari notificar de forma immediata al Responsable qualsevol fet que permeti l&#8217;\u00fas indegut dels identificadors i\/o contrasenyes, tals com el robatori, la p\u00e8rdua, o l&#8217;acc\u00e9s no autoritzat als mateixos, amb la finalitat de procedir a la seva immediata cancel\u00b7laci\u00f3.<\/p><p><strong>Drets de les persones interessades <\/strong><\/p><p>T\u00e9 dret a accedir a les seves dades i a obtenir confirmaci\u00f3 sobre el seu tractament, aix\u00ed com una c\u00f2pia de les dades personals objecte de tractament. T\u00e9 dret a actualitzar-les i sol\u00b7licitar la rectificaci\u00f3 de les dades que siguin inexactes o sol\u00b7licitar la supressi\u00f3 quan les dades no siguin necess\u00e0ries per als fins per als quals van ser recollides. Pot sol\u00b7licitar la limitaci\u00f3 en el tractament de les seves dades i oposar-se al tractament de les mateixes revocant el seu consentiment, aix\u00ed com exercir el dret a la portabilitat de les dades. De la mateixa manera, t\u00e9 dret a no ser objecte de decisions basades \u00fanicament en el tractament automatitzat de les seves dades personals. Pot exercir els seus drets contactant amb nosaltres a dades@between.tech. Si considera que els seus drets no s&#8217;han at\u00e8s degudament, t\u00e9 dret a presentar una reclamaci\u00f3 davant l&#8217;autoritat de control a <a href=\"http:\/\/www.aepd.es\">www.aepd.es<\/a>.<\/p><p><strong>Tractament de dades de Menors d&#8217;edat <\/strong><\/p><p>Qui facilita les dades a trav\u00e9s dels formularis d&#8217;aquesta web i accepta el seu tractament declara ser major de 14 anys, quedant prohibit l&#8217;acc\u00e9s i \u00fas del portal a menors d&#8217;aquesta edat. Si en algun moment, el Responsable detecta que un menor de 14 anys ha proporcionat dades de car\u00e0cter personal, procedirem a la cancel\u00b7laci\u00f3 de les mateixes. Aix\u00ed mateix, els pares o tutors podran en qualsevol cas dirigir-se a BETWEEN TECHNOLOGY, S.L. per bloquejar el compte d&#8217;acc\u00e9s dels menors al seu c\u00e0rrec que s&#8217;haguessin registrat falsejant la seva identitat.<\/p><p><strong>\u00a0<\/strong><\/p><p><strong>Xarxes socials<\/strong><\/p><p>L&#8217;objecte de les eines com Facebook, Twitter, Instagram, etc. o altres xarxes socials \u00e9s donar visibilitat i difusi\u00f3 a les activitats que desenvolupa la nostra organitzaci\u00f3. Aquestes eines emmagatzemen dades personals als servidors dels serveis respectius i es regeixen per la seva pr\u00f2pia pol\u00edtica de privacitat. Es recomana la revisi\u00f3 i la lectura de les condicions d&#8217;\u00fas i pol\u00edtica de privacitat de la xarxa social en el moment de registrar-se, tenint en compte les diferents possibilitats de configuraci\u00f3 en relaci\u00f3 al grau de privacitat del perfil d&#8217;usuari a la xarxa social. Aix\u00ed mateix, el Responsable es reserva el dret d&#8217;eliminar de les seves xarxes socials qualsevol informaci\u00f3 publicada per tercers que vulneri la legalitat, inciti a fer-ho o contingui missatges que atemptin contra la dignitat de persones o institucions. Com tamb\u00e9 el dret a bloquejar o denunciar el perfil autor d&#8217;aquests missatges.<\/p><p><strong>Tractament de Cookies <\/strong><\/p><p>Una cookie \u00e9s un petit arxiu que es descarrega i emmagatzema a l&#8217;ordinador de l&#8217;usuari quan aquest accedeix a una p\u00e0gina web. Les Cookies permeten a la web, entre altres coses, emmagatzemar i recuperar informaci\u00f3 sobre els h\u00e0bits de navegaci\u00f3 de l&#8217;usuari o del seu equip i, depenent de la informaci\u00f3 que continguin i de la forma en qu\u00e8 utilitzi el seu equip, poden utilitzar-se per recon\u00e8ixer l&#8217;usuari. L&#8217;usuari t\u00e9 l&#8217;opci\u00f3 d&#8217;impedir la generaci\u00f3 de cookies, mitjan\u00e7ant la selecci\u00f3 de l&#8217;opci\u00f3 corresponent en el seu programa navegador. Pot obtenir m\u00e9s informaci\u00f3 llegint la nostra Pol\u00edtica de Cookies.<\/p>\t\t\t\t\t\t\t\t<\/div>\n\t\t\t\t\t<\/div>\n\t\t\t\t<\/div>\n\t\t\t\t<\/div>\n\t\t","protected":false},"excerpt":{"rendered":"<p>Responsable del Tractament L&#8217;empresa responsable del tractament de les seves dades en virtut d&#8217;aquesta Pol\u00edtica de privacitat \u00e9s: BETWEEN TECHNOLOGY, S.L. NIF: B62257613Domicili: C. Pere IV,86, 08005, BarcelonaAdre\u00e7a de correu electr\u00f2nic: dades@between.techWeb: between.techTel\u00e8fon: 933141925Inscrita al Registre Mercantil de Barcelona, Tom 42757, Foli 198, Fulla N\u00famero B-228765 A BETWEEN TECHNOLOGY, S.L., reconeixem la import\u00e0ncia de protegir [&hellip;]<\/p>\n","protected":false},"author":1,"featured_media":0,"parent":0,"menu_order":0,"comment_status":"closed","ping_status":"closed","template":"","meta":{"footnotes":""},"class_list":["post-4946","page","type-page","status-publish","hentry"],"yoast_head":"<!-- This site is optimized with the Yoast SEO plugin v27.1.1 - https:\/\/yoast.com\/product\/yoast-seo-wordpress\/ -->\n<title>Pol\u00edtica de privacitat de BETWEEN<\/title>\n<meta name=\"description\" content=\"A BETWEEN estem compromesos a tractar-la amb responsabilitat i de conformitat amb les lleis de protecci\u00f3 de dades.\" \/>\n<meta name=\"robots\" content=\"noindex, nofollow\" \/>\n<meta property=\"og:locale\" content=\"ca_ES\" \/>\n<meta property=\"og:type\" content=\"article\" \/>\n<meta property=\"og:title\" content=\"Pol\u00edtica de privacitat de BETWEEN\" \/>\n<meta property=\"og:description\" content=\"A BETWEEN estem compromesos a tractar-la amb responsabilitat i de conformitat amb les lleis de protecci\u00f3 de dades.\" \/>\n<meta property=\"og:url\" content=\"https:\/\/www.between.tech\/ca\/politica-de-privacitat\/\" \/>\n<meta property=\"og:site_name\" content=\"Between\" \/>\n<meta property=\"article:modified_time\" content=\"2025-06-03T16:08:05+00:00\" \/>\n<meta name=\"twitter:card\" content=\"summary_large_image\" \/>\n<meta name=\"twitter:label1\" content=\"Est. reading time\" \/>\n\t<meta name=\"twitter:data1\" content=\"10 minutes\" \/>\n<script type=\"application\/ld+json\" class=\"yoast-schema-graph\">{\"@context\":\"https:\/\/schema.org\",\"@graph\":[{\"@type\":\"WebPage\",\"@id\":\"https:\/\/www.between.tech\/ca\/politica-de-privacitat\/\",\"url\":\"https:\/\/www.between.tech\/ca\/politica-de-privacitat\/\",\"name\":\"Pol\u00edtica de privacitat de BETWEEN\",\"isPartOf\":{\"@id\":\"https:\/\/www.between.tech\/ca\/#website\"},\"datePublished\":\"2024-05-08T07:58:17+00:00\",\"dateModified\":\"2025-06-03T16:08:05+00:00\",\"description\":\"A BETWEEN estem compromesos a tractar-la amb responsabilitat i de conformitat amb les lleis de protecci\u00f3 de dades.\",\"breadcrumb\":{\"@id\":\"https:\/\/www.between.tech\/ca\/politica-de-privacitat\/#breadcrumb\"},\"inLanguage\":\"ca-ES\",\"potentialAction\":[{\"@type\":\"ReadAction\",\"target\":[\"https:\/\/www.between.tech\/ca\/politica-de-privacitat\/\"]}]},{\"@type\":\"BreadcrumbList\",\"@id\":\"https:\/\/www.between.tech\/ca\/politica-de-privacitat\/#breadcrumb\",\"itemListElement\":[{\"@type\":\"ListItem\",\"position\":1,\"name\":\"Portada\",\"item\":\"https:\/\/www.between.tech\/ca\/\"},{\"@type\":\"ListItem\",\"position\":2,\"name\":\"Pol\u00edtica de privacitat\"}]},{\"@type\":\"WebSite\",\"@id\":\"https:\/\/www.between.tech\/ca\/#website\",\"url\":\"https:\/\/www.between.tech\/ca\/\",\"name\":\"Between\",\"description\":\"\",\"publisher\":{\"@id\":\"https:\/\/www.between.tech\/ca\/#organization\"},\"potentialAction\":[{\"@type\":\"SearchAction\",\"target\":{\"@type\":\"EntryPoint\",\"urlTemplate\":\"https:\/\/www.between.tech\/ca\/?s={search_term_string}\"},\"query-input\":{\"@type\":\"PropertyValueSpecification\",\"valueRequired\":true,\"valueName\":\"search_term_string\"}}],\"inLanguage\":\"ca-ES\"},{\"@type\":\"Organization\",\"@id\":\"https:\/\/www.between.tech\/ca\/#organization\",\"name\":\"Between\",\"url\":\"https:\/\/www.between.tech\/ca\/\",\"logo\":{\"@type\":\"ImageObject\",\"inLanguage\":\"ca-ES\",\"@id\":\"https:\/\/www.between.tech\/ca\/#\/schema\/logo\/image\/\",\"url\":\"https:\/\/www.between.tech\/wp-content\/uploads\/logo-wh.svg\",\"contentUrl\":\"https:\/\/www.between.tech\/wp-content\/uploads\/logo-wh.svg\",\"width\":168,\"height\":41,\"caption\":\"Between\"},\"image\":{\"@id\":\"https:\/\/www.between.tech\/ca\/#\/schema\/logo\/image\/\"}}]}<\/script>\n<!-- \/ Yoast SEO plugin. -->","yoast_head_json":{"title":"Pol\u00edtica de privacitat de BETWEEN","description":"A BETWEEN estem compromesos a tractar-la amb responsabilitat i de conformitat amb les lleis de protecci\u00f3 de dades.","robots":{"index":"noindex","follow":"nofollow"},"og_locale":"ca_ES","og_type":"article","og_title":"Pol\u00edtica de privacitat de BETWEEN","og_description":"A BETWEEN estem compromesos a tractar-la amb responsabilitat i de conformitat amb les lleis de protecci\u00f3 de dades.","og_url":"https:\/\/www.between.tech\/ca\/politica-de-privacitat\/","og_site_name":"Between","article_modified_time":"2025-06-03T16:08:05+00:00","twitter_card":"summary_large_image","twitter_misc":{"Est. reading time":"10 minutes"},"schema":{"@context":"https:\/\/schema.org","@graph":[{"@type":"WebPage","@id":"https:\/\/www.between.tech\/ca\/politica-de-privacitat\/","url":"https:\/\/www.between.tech\/ca\/politica-de-privacitat\/","name":"Pol\u00edtica de privacitat de BETWEEN","isPartOf":{"@id":"https:\/\/www.between.tech\/ca\/#website"},"datePublished":"2024-05-08T07:58:17+00:00","dateModified":"2025-06-03T16:08:05+00:00","description":"A BETWEEN estem compromesos a tractar-la amb responsabilitat i de conformitat amb les lleis de protecci\u00f3 de dades.","breadcrumb":{"@id":"https:\/\/www.between.tech\/ca\/politica-de-privacitat\/#breadcrumb"},"inLanguage":"ca-ES","potentialAction":[{"@type":"ReadAction","target":["https:\/\/www.between.tech\/ca\/politica-de-privacitat\/"]}]},{"@type":"BreadcrumbList","@id":"https:\/\/www.between.tech\/ca\/politica-de-privacitat\/#breadcrumb","itemListElement":[{"@type":"ListItem","position":1,"name":"Portada","item":"https:\/\/www.between.tech\/ca\/"},{"@type":"ListItem","position":2,"name":"Pol\u00edtica de privacitat"}]},{"@type":"WebSite","@id":"https:\/\/www.between.tech\/ca\/#website","url":"https:\/\/www.between.tech\/ca\/","name":"Between","description":"","publisher":{"@id":"https:\/\/www.between.tech\/ca\/#organization"},"potentialAction":[{"@type":"SearchAction","target":{"@type":"EntryPoint","urlTemplate":"https:\/\/www.between.tech\/ca\/?s={search_term_string}"},"query-input":{"@type":"PropertyValueSpecification","valueRequired":true,"valueName":"search_term_string"}}],"inLanguage":"ca-ES"},{"@type":"Organization","@id":"https:\/\/www.between.tech\/ca\/#organization","name":"Between","url":"https:\/\/www.between.tech\/ca\/","logo":{"@type":"ImageObject","inLanguage":"ca-ES","@id":"https:\/\/www.between.tech\/ca\/#\/schema\/logo\/image\/","url":"https:\/\/www.between.tech\/wp-content\/uploads\/logo-wh.svg","contentUrl":"https:\/\/www.between.tech\/wp-content\/uploads\/logo-wh.svg","width":168,"height":41,"caption":"Between"},"image":{"@id":"https:\/\/www.between.tech\/ca\/#\/schema\/logo\/image\/"}}]}},"_links":{"self":[{"href":"https:\/\/www.between.tech\/ca\/wp-json\/wp\/v2\/pages\/4946","targetHints":{"allow":["GET"]}}],"collection":[{"href":"https:\/\/www.between.tech\/ca\/wp-json\/wp\/v2\/pages"}],"about":[{"href":"https:\/\/www.between.tech\/ca\/wp-json\/wp\/v2\/types\/page"}],"author":[{"embeddable":true,"href":"https:\/\/www.between.tech\/ca\/wp-json\/wp\/v2\/users\/1"}],"replies":[{"embeddable":true,"href":"https:\/\/www.between.tech\/ca\/wp-json\/wp\/v2\/comments?post=4946"}],"version-history":[{"count":0,"href":"https:\/\/www.between.tech\/ca\/wp-json\/wp\/v2\/pages\/4946\/revisions"}],"wp:attachment":[{"href":"https:\/\/www.between.tech\/ca\/wp-json\/wp\/v2\/media?parent=4946"}],"curies":[{"name":"wp","href":"https:\/\/api.w.org\/{rel}","templated":true}]}}