{"id":4947,"date":"2024-05-08T10:01:50","date_gmt":"2024-05-08T08:01:50","guid":{"rendered":"https:\/\/www.between.tech\/politica-de-privacidad-en-redes-sociales\/"},"modified":"2025-06-03T18:09:10","modified_gmt":"2025-06-03T16:09:10","slug":"politica-de-privacitat-en-xarxes-socials","status":"publish","type":"page","link":"https:\/\/www.between.tech\/ca\/politica-de-privacitat-en-xarxes-socials\/","title":{"rendered":"Pol\u00edtica de Privacitat en Xarxes Socials"},"content":{"rendered":"\t\t<div data-elementor-type=\"wp-page\" data-elementor-id=\"4947\" class=\"elementor elementor-4947 elementor-4541\" data-elementor-post-type=\"page\">\n\t\t\t\t<div class=\"elementor-element elementor-element-53f3d5f e-flex e-con-boxed e-con e-parent\" data-id=\"53f3d5f\" data-element_type=\"container\" data-e-type=\"container\">\n\t\t\t\t\t<div class=\"e-con-inner\">\n\t\t\t\t<div class=\"elementor-element elementor-element-d496594 elementor-widget elementor-widget-heading\" data-id=\"d496594\" data-element_type=\"widget\" data-e-type=\"widget\" data-widget_type=\"heading.default\">\n\t\t\t\t\t<h2 class=\"elementor-heading-title elementor-size-default\">Pol\u00edtica de Privacitat en Xarxes Socials<\/h2>\t\t\t\t<\/div>\n\t\t\t\t<div class=\"elementor-element elementor-element-35114e0 elementor-widget elementor-widget-heading\" data-id=\"35114e0\" data-element_type=\"widget\" data-e-type=\"widget\" data-widget_type=\"heading.default\">\n\t\t\t\t\t<div class=\"elementor-heading-title elementor-size-default\">1. Informaci\u00f3 sobre el responsable del tractament de les dades allotjades a la p\u00e0gina oficial de BETWEEN TECHNOLOGY, SL a la xarxa social<\/div>\t\t\t\t<\/div>\n\t\t\t\t<div class=\"elementor-element elementor-element-432ccc1 elementor-widget elementor-widget-text-editor\" data-id=\"432ccc1\" data-element_type=\"widget\" data-e-type=\"widget\" data-widget_type=\"text-editor.default\">\n\t\t\t\t\t\t\t\t\t<p>De conformitat amb el deure d&#8217;informaci\u00f3 establert en el Reglament (UE) 2016\/679 de 27 d&#8217;abril (GDPR) i la Llei Org\u00e0nica 3\/2018, de 5 de desembre (LOPDGDD) BETWEEN TECHNOLOGY, S.L., en endavant el Responsable desitja posar en coneixement dels usuaris d&#8217;aquesta xarxa social la pol\u00edtica respecte del tractament i protecci\u00f3 de les dades de car\u00e0cter personal d&#8217;aquelles persones que volunt\u00e0riament accedeixen i utilitzen la p\u00e0gina oficial de BETWEEN TECHNOLOGY, S.L., en la mateixa. L&#8217;acc\u00e9s i \u00fas per l&#8217;usuari d&#8217;aquesta p\u00e0gina oficial de BETWEEN TECHNOLOGY, S.L., suposa que accepta expressament aquesta pol\u00edtica de privacitat i que presta el seu consentiment per al tractament de les seves dades personals segons el previst en la mateixa.<\/p>\t\t\t\t\t\t\t\t<\/div>\n\t\t\t\t<div class=\"elementor-element elementor-element-e3a84f0 elementor-widget elementor-widget-heading\" data-id=\"e3a84f0\" data-element_type=\"widget\" data-e-type=\"widget\" data-widget_type=\"heading.default\">\n\t\t\t\t\t<div class=\"elementor-heading-title elementor-size-default\">2. Dades de menors d'edat o incapa\u00e7os <\/div>\t\t\t\t<\/div>\n\t\t\t\t<div class=\"elementor-element elementor-element-7aef654 elementor-widget elementor-widget-text-editor\" data-id=\"7aef654\" data-element_type=\"widget\" data-e-type=\"widget\" data-widget_type=\"text-editor.default\">\n\t\t\t\t\t\t\t\t\t<p>L&#8217;acc\u00e9s i registre en aquesta xarxa social est\u00e0 prohibit als menors de catorze (14) anys, de manera que igualment queda prohibit l&#8217;acc\u00e9s i \u00fas dels menors de catorze (14 anys) a la p\u00e0gina oficial de BETWEEN TECHNOLOGY, S.L., en la mateixa. Per la seva part, si l&#8217;usuari \u00e9s incapa\u00e7, BETWEEN TECHNOLOGY, S.L., adverteix que ser\u00e0 necess\u00e0ria l&#8217;assist\u00e8ncia consentida del titular de la p\u00e0tria potestat o tutela de l&#8217;usuari o el seu representant legal per a l&#8217;acc\u00e9s i \u00fas d&#8217;aquesta p\u00e0gina oficial de BETWEEN TECHNOLOGY, S.L., aquest quedar\u00e0 expressament exonerat de qualsevol responsabilitat que pogu\u00e9s derivar-se de l&#8217;\u00fas de la seva p\u00e0gina oficial per menors i incapa\u00e7os sent aquesta responsabilitat dels seus representants legals en cada cas.<\/p>\t\t\t\t\t\t\t\t<\/div>\n\t\t\t\t<div class=\"elementor-element elementor-element-f6ef143 elementor-widget elementor-widget-heading\" data-id=\"f6ef143\" data-element_type=\"widget\" data-e-type=\"widget\" data-widget_type=\"heading.default\">\n\t\t\t\t\t<div class=\"elementor-heading-title elementor-size-default\">3. Identificaci\u00f3 de la ra\u00f3 social del responsable del fitxer<\/div>\t\t\t\t<\/div>\n\t\t\t\t<div class=\"elementor-element elementor-element-a3ed4a5 elementor-widget elementor-widget-text-editor\" data-id=\"a3ed4a5\" data-element_type=\"widget\" data-e-type=\"widget\" data-widget_type=\"text-editor.default\">\n\t\t\t\t\t\t\t\t\t<p>L&#8217;usuari queda informat que BETWEEN TECHNOLOGY, S.L., amb domicili social a Av. Meridiana, 358 \u2013 8\u00e8 08027 Barcelona (Barcelona), ostenta la condici\u00f3 de responsable dels fitxers i tractaments a trav\u00e9s dels quals es recullen i emmagatzemen les dades personals de l&#8217;usuari com a conseq\u00fc\u00e8ncia del registre i \u00fas de la p\u00e0gina oficial de BETWEEN TECHNOLOGY, S.L., en aquesta xarxa social, sense perjudici dels tractaments dels quals \u00e9s responsable l&#8217;entitat titular de la xarxa social en la qual es troba la nostra p\u00e0gina oficial.<\/p>\t\t\t\t\t\t\t\t<\/div>\n\t\t\t\t<div class=\"elementor-element elementor-element-1e31ffa elementor-widget elementor-widget-heading\" data-id=\"1e31ffa\" data-element_type=\"widget\" data-e-type=\"widget\" data-widget_type=\"heading.default\">\n\t\t\t\t\t<div class=\"elementor-heading-title elementor-size-default\">4. Finalitats a les quals es destinen les dades de car\u00e0cter personal, informaci\u00f3 i consentiment<\/div>\t\t\t\t<\/div>\n\t\t\t\t<div class=\"elementor-element elementor-element-dcbe531 elementor-widget elementor-widget-text-editor\" data-id=\"dcbe531\" data-element_type=\"widget\" data-e-type=\"widget\" data-widget_type=\"text-editor.default\">\n\t\t\t\t\t\t\t\t\t<p>Les dades personals proporcionades volunt\u00e0riament per l&#8217;usuari a BETWEEN TECHNOLOGY, S.L., a trav\u00e9s de la seva p\u00e0gina oficial formaran part d&#8217;un tractament de dades responsabilitat de BETWEEN TECHNOLOGY, S.L., amb la finalitat d&#8217;oferir-li informaci\u00f3 de BETWEEN TECHNOLOGY, S.L., per e-mail, fax, SMS, MMS, comunitats socials o qualsevol altre mitj\u00e0 electr\u00f2nic o f\u00edsic, present o futur, que possibiliti realitzar comunicaci\u00f3 comercials, enviament de newsletters a aquells usuaris que es subscriguin, intercanviar informaci\u00f3 amb BETWEEN TECHNOLOGY, S.L., i altres usuaris i establir comunicaci\u00f3 amb tercers. Des del moment en qu\u00e8 l&#8217;usuari utilitza la present p\u00e0gina oficial presta el seu consentiment lliure, inequ\u00edvoc, espec\u00edfic, informat i expr\u00e9s per al tractament de les seves dades personals per BETWEEN TECHNOLOGY, S.L., per a la correcta prestaci\u00f3 d&#8217;aquests serveis d&#8217;acord amb el que estableix la present pol\u00edtica. L&#8217;usuari \u00e9s lliure d&#8217;utilitzar la p\u00e0gina oficial de BETWEEN TECHNOLOGY, S.L., en aquesta xarxa social, per la qual cosa en cas que l&#8217;usuari no estigui d&#8217;acord amb el tractament de les seves dades amb aquestes finalitats, no haur\u00e0 d&#8217;utilitzar-la ni proporcionar les seves dades personals. A trav\u00e9s d&#8217;aquesta p\u00e0gina oficial de BETWEEN TECHNOLOGY, S.L., l&#8217;usuari pot compartir textos, fotos, v\u00eddeos i un altre tipus d&#8217;informaci\u00f3 i\/o continguts que estaran subjectes tant a la present pol\u00edtica com a les Normes i Condicions de la Plataforma. L&#8217;usuari ser\u00e0 responsable que tots els continguts que publiqui respectin la legislaci\u00f3 vigent, la present pol\u00edtica i les Normes de la Plataforma. L&#8217;usuari \u00fanicament podr\u00e0 publicar en aquesta p\u00e0gina oficial de BETWEEN TECHNOLOGY, S.L., dades personals, fotografies i informacions o altres continguts la titularitat i propietat dels quals li pertanyin o respecte dels quals ostenti l&#8217;autoritzaci\u00f3 de tercers. BETWEEN TECHNOLOGY, S.L., tindr\u00e0 dret a eliminar de la present p\u00e0gina oficial \u2013de manera unilateral i sense pr\u00e8via comunicaci\u00f3 ni autoritzaci\u00f3 de l&#8217;usuari- qualsevol contingut publicat per l&#8217;usuari quan aquest infringeixi o vulneri la legislaci\u00f3 vigent, les normes establertes en la present pol\u00edtica i les Normes de la Plataforma.<\/p>\t\t\t\t\t\t\t\t<\/div>\n\t\t\t\t<div class=\"elementor-element elementor-element-f64c75c elementor-widget elementor-widget-heading\" data-id=\"f64c75c\" data-element_type=\"widget\" data-e-type=\"widget\" data-widget_type=\"heading.default\">\n\t\t\t\t\t<div class=\"elementor-heading-title elementor-size-default\">5. Identificaci\u00f3 dels destinataris respecte dels quals BETWEEN TECHNOLOGY, S.L. tingui previst la realitzaci\u00f3 de cessions o comunicacions de dades<\/div>\t\t\t\t<\/div>\n\t\t\t\t<div class=\"elementor-element elementor-element-84df15d elementor-widget elementor-widget-text-editor\" data-id=\"84df15d\" data-element_type=\"widget\" data-e-type=\"widget\" data-widget_type=\"text-editor.default\">\n\t\t\t\t\t\t\t\t\t<p>S&#8217;adverteix a l&#8217;usuari que tota la informaci\u00f3 i continguts que publiqui a la p\u00e0gina oficial de BETWEEN TECHNOLOGY, S.L., a la xarxa social podr\u00e0 ser coneguda pels restants usuaris de la p\u00e0gina oficial i de la plataforma de xarxa social. En conseq\u00fc\u00e8ncia, tota la informaci\u00f3 i continguts publicats per l&#8217;usuari a la p\u00e0gina oficial de BETWEEN TECHNOLOGY, S.L., en aquesta xarxa social ser\u00e0 objecte de comunicaci\u00f3 a la resta dels usuaris per la pr\u00f2pia naturalesa del servei. BETWEEN TECHNOLOGY, S.L. \u00fanicament t\u00e9 prevista la realitzaci\u00f3 de cessions o comunicacions de dades que en ra\u00f3 de la normativa vigent hagi de realitzar a jutges, tribunals, administracions p\u00fabliques i autoritats competents de car\u00e0cter administratiu.<\/p>\t\t\t\t\t\t\t\t<\/div>\n\t\t\t\t<div class=\"elementor-element elementor-element-05ebafc elementor-widget elementor-widget-heading\" data-id=\"05ebafc\" data-element_type=\"widget\" data-e-type=\"widget\" data-widget_type=\"heading.default\">\n\t\t\t\t\t<div class=\"elementor-heading-title elementor-size-default\">6. Altres tercers prestadors de serveis<\/div>\t\t\t\t<\/div>\n\t\t\t\t<div class=\"elementor-element elementor-element-cf33ea1 elementor-widget elementor-widget-text-editor\" data-id=\"cf33ea1\" data-element_type=\"widget\" data-e-type=\"widget\" data-widget_type=\"text-editor.default\">\n\t\t\t\t\t\t\t\t\t<p>BETWEEN TECHNOLOGY, S.L., adverteix l&#8217;usuari que aquesta entitat nom\u00e9s \u00e9s responsable i garanteix la confidencialitat, seguretat i tractament de les dades conforme a la present pol\u00edtica, respecte de les dades de car\u00e0cter personal que reculli de l&#8217;usuari a trav\u00e9s de la present p\u00e0gina oficial en aquesta xarxa social, no tenint cap tipus de responsabilitat respecte dels tractaments i posteriors utilitzacions de les dades personals que puguin efectuar-se tant pel titular de la xarxa social com per tercers prestadors de serveis de la societat de la informaci\u00f3 que puguin accedir a aquestes dades en ra\u00f3 de la prestaci\u00f3 dels seus serveis o exercici de la seva activitat, tercers que estableixin hiperenlla\u00e7os a la xarxa social, ni d&#8217;aquells responsables a qui a trav\u00e9s d&#8217;hiperenlla\u00e7os BETWEEN TECHNOLOGY, S.L., remeti als usuaris adherits a la present p\u00e0gina oficial.<\/p>\t\t\t\t\t\t\t\t<\/div>\n\t\t\t\t<div class=\"elementor-element elementor-element-32409ae elementor-widget elementor-widget-heading\" data-id=\"32409ae\" data-element_type=\"widget\" data-e-type=\"widget\" data-widget_type=\"heading.default\">\n\t\t\t\t\t<div class=\"elementor-heading-title elementor-size-default\">7. Qualitat de les dades<\/div>\t\t\t\t<\/div>\n\t\t\t\t<div class=\"elementor-element elementor-element-2d3badb elementor-widget elementor-widget-text-editor\" data-id=\"2d3badb\" data-element_type=\"widget\" data-e-type=\"widget\" data-widget_type=\"text-editor.default\">\n\t\t\t\t\t\t\t\t\t<p>BETWEEN TECHNOLOGY, S.L., adverteix l&#8217;usuari que, excepte l&#8217;exist\u00e8ncia d&#8217;una representaci\u00f3 legalment constitu\u00efda, cap usuari pot utilitzar la identitat d&#8217;una altra persona i comunicar les seves dades personals, per la qual cosa l&#8217;usuari en tot moment haur\u00e0 de tenir en compte que nom\u00e9s pot proporcionar dades personals corresponents a la seva pr\u00f2pia identitat i que siguin adequades, pertinents, actuals, exactes i veritables. En qualsevol cas, l&#8217;usuari haur\u00e0 de respectar la privacitat de tercers, siguin aquests usuaris o no de la xarxa social o de la p\u00e0gina oficial de BETWEEN TECHNOLOGY, S.L., en la mateixa.<\/p>\t\t\t\t\t\t\t\t<\/div>\n\t\t\t\t<div class=\"elementor-element elementor-element-e465738 elementor-widget elementor-widget-heading\" data-id=\"e465738\" data-element_type=\"widget\" data-e-type=\"widget\" data-widget_type=\"heading.default\">\n\t\t\t\t\t<div class=\"elementor-heading-title elementor-size-default\">8. Exercici dels drets d'acc\u00e9s, rectificaci\u00f3, cancel\u00b7laci\u00f3 i oposici\u00f3 de les dades<\/div>\t\t\t\t<\/div>\n\t\t\t\t<div class=\"elementor-element elementor-element-b9072d6 elementor-widget elementor-widget-text-editor\" data-id=\"b9072d6\" data-element_type=\"widget\" data-e-type=\"widget\" data-widget_type=\"text-editor.default\">\n\t\t\t\t\t\t\t\t\t<ul><li>Dret a retirar el consentiment en qualsevol moment.<\/li><li>Dret d&#8217;acc\u00e9s, rectificaci\u00f3, portabilitat i supressi\u00f3 de les seves dades i a la limitaci\u00f3 o oposici\u00f3 al seu tractament.<\/li><li>Dret a presentar una reclamaci\u00f3 davant l&#8217;Autoritat de control (<a href=\"http:\/\/www.aepd.es\">www.aepd.es<\/a>) si considera que el tractament no s&#8217;ajusta a la normativa vigent.<\/li><\/ul>\t\t\t\t\t\t\t\t<\/div>\n\t\t\t\t<div class=\"elementor-element elementor-element-bc728a3 elementor-widget elementor-widget-heading\" data-id=\"bc728a3\" data-element_type=\"widget\" data-e-type=\"widget\" data-widget_type=\"heading.default\">\n\t\t\t\t\t<div class=\"elementor-heading-title elementor-size-default\">9. Una altra informaci\u00f3 d'inter\u00e8s<\/div>\t\t\t\t<\/div>\n\t\t\t\t<div class=\"elementor-element elementor-element-ecfdcfa elementor-widget elementor-widget-text-editor\" data-id=\"ecfdcfa\" data-element_type=\"widget\" data-e-type=\"widget\" data-widget_type=\"text-editor.default\">\n\t\t\t\t\t\t\t\t\t<p>BETWEEN TECHNOLOGY, S.L., podr\u00e0 modificar i\/o substituir en qualsevol moment la present pol\u00edtica que, segons els casos, substituir\u00e0, completar\u00e0 i\/o modificar\u00e0 l&#8217;actualment publicada aqu\u00ed recollida. Per aix\u00f2 l&#8217;usuari haur\u00e0 d&#8217;accedir peri\u00f2dicament a les mateixes amb la finalitat de mantenir-se actualitzat. L&#8217;usuari pot contactar amb BETWEEN TECHNOLOGY, S.L., mitjan\u00e7ant el servei de missatgeria interna de la xarxa social o a trav\u00e9s de les seg\u00fcents adreces i dades de contacte:<\/p><p>BETWEEN TECHNOLOGY, S.L.<\/p><p>Domicili: C. Pere IV, 86, 08005, BARCELONA<\/p><p><strong><a href=\"https:\/\/forms.office.com\/e\/GdjDbAGXvE\">Formulari de contacte<\/a><\/strong>.<\/p><p>Aix\u00ed mateix l&#8217;usuari pot consultar les normes i pol\u00edtiques publicades pel titular de la red social per a l&#8217;\u00fas de la mateixa.<\/p>\t\t\t\t\t\t\t\t<\/div>\n\t\t\t\t\t<\/div>\n\t\t\t\t<\/div>\n\t\t\t\t<\/div>\n\t\t","protected":false},"excerpt":{"rendered":"<p>Pol\u00edtica de Privacitat en Xarxes Socials 1. Informaci\u00f3 sobre el responsable del tractament de les dades allotjades a la p\u00e0gina oficial de BETWEEN TECHNOLOGY, SL a la xarxa social De conformitat amb el deure d&#8217;informaci\u00f3 establert en el Reglament (UE) 2016\/679 de 27 d&#8217;abril (GDPR) i la Llei Org\u00e0nica 3\/2018, de 5 de desembre (LOPDGDD) [&hellip;]<\/p>\n","protected":false},"author":1,"featured_media":0,"parent":0,"menu_order":0,"comment_status":"closed","ping_status":"closed","template":"","meta":{"footnotes":""},"class_list":["post-4947","page","type-page","status-publish","hentry"],"yoast_head":"<!-- This site is optimized with the Yoast SEO plugin v27.1.1 - https:\/\/yoast.com\/product\/yoast-seo-wordpress\/ -->\n<title>Pol\u00edtica de Privacitat en Xarxes Socials de BETWEEN<\/title>\n<meta name=\"description\" content=\"El acceso y uso por el usuario supone que acepta la pol\u00edtica de privacidad y que presta su consentimiento para el tratamiento de sus datos.\" \/>\n<meta name=\"robots\" content=\"noindex, nofollow\" \/>\n<meta property=\"og:locale\" content=\"ca_ES\" \/>\n<meta property=\"og:type\" content=\"article\" \/>\n<meta property=\"og:title\" content=\"Pol\u00edtica de Privacitat en Xarxes Socials de BETWEEN\" \/>\n<meta property=\"og:description\" content=\"El acceso y uso por el usuario supone que acepta la pol\u00edtica de privacidad y que presta su consentimiento para el tratamiento de sus datos.\" \/>\n<meta property=\"og:url\" content=\"https:\/\/www.between.tech\/ca\/politica-de-privacitat-en-xarxes-socials\/\" \/>\n<meta property=\"og:site_name\" content=\"Between\" \/>\n<meta property=\"article:modified_time\" content=\"2025-06-03T16:09:10+00:00\" \/>\n<meta name=\"twitter:card\" content=\"summary_large_image\" \/>\n<meta name=\"twitter:label1\" content=\"Est. reading time\" \/>\n\t<meta name=\"twitter:data1\" content=\"7 minutes\" \/>\n<script type=\"application\/ld+json\" class=\"yoast-schema-graph\">{\"@context\":\"https:\/\/schema.org\",\"@graph\":[{\"@type\":\"WebPage\",\"@id\":\"https:\/\/www.between.tech\/ca\/politica-de-privacitat-en-xarxes-socials\/\",\"url\":\"https:\/\/www.between.tech\/ca\/politica-de-privacitat-en-xarxes-socials\/\",\"name\":\"Pol\u00edtica de Privacitat en Xarxes Socials de BETWEEN\",\"isPartOf\":{\"@id\":\"https:\/\/www.between.tech\/ca\/#website\"},\"datePublished\":\"2024-05-08T08:01:50+00:00\",\"dateModified\":\"2025-06-03T16:09:10+00:00\",\"description\":\"El acceso y uso por el usuario supone que acepta la pol\u00edtica de privacidad y que presta su consentimiento para el tratamiento de sus datos.\",\"breadcrumb\":{\"@id\":\"https:\/\/www.between.tech\/ca\/politica-de-privacitat-en-xarxes-socials\/#breadcrumb\"},\"inLanguage\":\"ca-ES\",\"potentialAction\":[{\"@type\":\"ReadAction\",\"target\":[\"https:\/\/www.between.tech\/ca\/politica-de-privacitat-en-xarxes-socials\/\"]}]},{\"@type\":\"BreadcrumbList\",\"@id\":\"https:\/\/www.between.tech\/ca\/politica-de-privacitat-en-xarxes-socials\/#breadcrumb\",\"itemListElement\":[{\"@type\":\"ListItem\",\"position\":1,\"name\":\"Portada\",\"item\":\"https:\/\/www.between.tech\/ca\/\"},{\"@type\":\"ListItem\",\"position\":2,\"name\":\"Pol\u00edtica de Privacitat en Xarxes Socials\"}]},{\"@type\":\"WebSite\",\"@id\":\"https:\/\/www.between.tech\/ca\/#website\",\"url\":\"https:\/\/www.between.tech\/ca\/\",\"name\":\"Between\",\"description\":\"\",\"publisher\":{\"@id\":\"https:\/\/www.between.tech\/ca\/#organization\"},\"potentialAction\":[{\"@type\":\"SearchAction\",\"target\":{\"@type\":\"EntryPoint\",\"urlTemplate\":\"https:\/\/www.between.tech\/ca\/?s={search_term_string}\"},\"query-input\":{\"@type\":\"PropertyValueSpecification\",\"valueRequired\":true,\"valueName\":\"search_term_string\"}}],\"inLanguage\":\"ca-ES\"},{\"@type\":\"Organization\",\"@id\":\"https:\/\/www.between.tech\/ca\/#organization\",\"name\":\"Between\",\"url\":\"https:\/\/www.between.tech\/ca\/\",\"logo\":{\"@type\":\"ImageObject\",\"inLanguage\":\"ca-ES\",\"@id\":\"https:\/\/www.between.tech\/ca\/#\/schema\/logo\/image\/\",\"url\":\"https:\/\/www.between.tech\/wp-content\/uploads\/logo-wh.svg\",\"contentUrl\":\"https:\/\/www.between.tech\/wp-content\/uploads\/logo-wh.svg\",\"width\":168,\"height\":41,\"caption\":\"Between\"},\"image\":{\"@id\":\"https:\/\/www.between.tech\/ca\/#\/schema\/logo\/image\/\"}}]}<\/script>\n<!-- \/ Yoast SEO plugin. -->","yoast_head_json":{"title":"Pol\u00edtica de Privacitat en Xarxes Socials de BETWEEN","description":"El acceso y uso por el usuario supone que acepta la pol\u00edtica de privacidad y que presta su consentimiento para el tratamiento de sus datos.","robots":{"index":"noindex","follow":"nofollow"},"og_locale":"ca_ES","og_type":"article","og_title":"Pol\u00edtica de Privacitat en Xarxes Socials de BETWEEN","og_description":"El acceso y uso por el usuario supone que acepta la pol\u00edtica de privacidad y que presta su consentimiento para el tratamiento de sus datos.","og_url":"https:\/\/www.between.tech\/ca\/politica-de-privacitat-en-xarxes-socials\/","og_site_name":"Between","article_modified_time":"2025-06-03T16:09:10+00:00","twitter_card":"summary_large_image","twitter_misc":{"Est. reading time":"7 minutes"},"schema":{"@context":"https:\/\/schema.org","@graph":[{"@type":"WebPage","@id":"https:\/\/www.between.tech\/ca\/politica-de-privacitat-en-xarxes-socials\/","url":"https:\/\/www.between.tech\/ca\/politica-de-privacitat-en-xarxes-socials\/","name":"Pol\u00edtica de Privacitat en Xarxes Socials de BETWEEN","isPartOf":{"@id":"https:\/\/www.between.tech\/ca\/#website"},"datePublished":"2024-05-08T08:01:50+00:00","dateModified":"2025-06-03T16:09:10+00:00","description":"El acceso y uso por el usuario supone que acepta la pol\u00edtica de privacidad y que presta su consentimiento para el tratamiento de sus datos.","breadcrumb":{"@id":"https:\/\/www.between.tech\/ca\/politica-de-privacitat-en-xarxes-socials\/#breadcrumb"},"inLanguage":"ca-ES","potentialAction":[{"@type":"ReadAction","target":["https:\/\/www.between.tech\/ca\/politica-de-privacitat-en-xarxes-socials\/"]}]},{"@type":"BreadcrumbList","@id":"https:\/\/www.between.tech\/ca\/politica-de-privacitat-en-xarxes-socials\/#breadcrumb","itemListElement":[{"@type":"ListItem","position":1,"name":"Portada","item":"https:\/\/www.between.tech\/ca\/"},{"@type":"ListItem","position":2,"name":"Pol\u00edtica de Privacitat en Xarxes Socials"}]},{"@type":"WebSite","@id":"https:\/\/www.between.tech\/ca\/#website","url":"https:\/\/www.between.tech\/ca\/","name":"Between","description":"","publisher":{"@id":"https:\/\/www.between.tech\/ca\/#organization"},"potentialAction":[{"@type":"SearchAction","target":{"@type":"EntryPoint","urlTemplate":"https:\/\/www.between.tech\/ca\/?s={search_term_string}"},"query-input":{"@type":"PropertyValueSpecification","valueRequired":true,"valueName":"search_term_string"}}],"inLanguage":"ca-ES"},{"@type":"Organization","@id":"https:\/\/www.between.tech\/ca\/#organization","name":"Between","url":"https:\/\/www.between.tech\/ca\/","logo":{"@type":"ImageObject","inLanguage":"ca-ES","@id":"https:\/\/www.between.tech\/ca\/#\/schema\/logo\/image\/","url":"https:\/\/www.between.tech\/wp-content\/uploads\/logo-wh.svg","contentUrl":"https:\/\/www.between.tech\/wp-content\/uploads\/logo-wh.svg","width":168,"height":41,"caption":"Between"},"image":{"@id":"https:\/\/www.between.tech\/ca\/#\/schema\/logo\/image\/"}}]}},"_links":{"self":[{"href":"https:\/\/www.between.tech\/ca\/wp-json\/wp\/v2\/pages\/4947","targetHints":{"allow":["GET"]}}],"collection":[{"href":"https:\/\/www.between.tech\/ca\/wp-json\/wp\/v2\/pages"}],"about":[{"href":"https:\/\/www.between.tech\/ca\/wp-json\/wp\/v2\/types\/page"}],"author":[{"embeddable":true,"href":"https:\/\/www.between.tech\/ca\/wp-json\/wp\/v2\/users\/1"}],"replies":[{"embeddable":true,"href":"https:\/\/www.between.tech\/ca\/wp-json\/wp\/v2\/comments?post=4947"}],"version-history":[{"count":0,"href":"https:\/\/www.between.tech\/ca\/wp-json\/wp\/v2\/pages\/4947\/revisions"}],"wp:attachment":[{"href":"https:\/\/www.between.tech\/ca\/wp-json\/wp\/v2\/media?parent=4947"}],"curies":[{"name":"wp","href":"https:\/\/api.w.org\/{rel}","templated":true}]}}